{"id":1067278,"date":"2021-12-10T15:41:09","date_gmt":"2021-12-10T14:41:09","guid":{"rendered":"https:\/\/we-search.be\/?page_id=1067278"},"modified":"2022-02-07T12:12:18","modified_gmt":"2022-02-07T11:12:18","slug":"la-publication-2021","status":"publish","type":"page","link":"https:\/\/we-search.be\/index.php\/nos-projets\/we-search-journal\/la-publication-2021\/","title":{"rendered":"La publication 2021"},"content":{"rendered":"<div id=\"pl-gb1067278-69df853c0e2d3\"  class=\"panel-layout\" ><div id=\"pg-gb1067278-69df853c0e2d3-0\"  class=\"panel-grid panel-has-style\" ><div class=\"siteorigin-panels-stretch panel-row-style panel-row-style-for-gb1067278-69df853c0e2d3-0\" data-stretch-type=\"full\" ><div id=\"pgc-gb1067278-69df853c0e2d3-0-0\"  class=\"panel-grid-cell\" ><div id=\"panel-gb1067278-69df853c0e2d3-0-0-0\" class=\"so-panel widget widget_sow-editor panel-first-child\" data-index=\"0\" ><div class=\"panel-widget-style panel-widget-style-for-gb1067278-69df853c0e2d3-0-0-0\" ><div\n\t\t\t\n\t\t\tclass=\"so-widget-sow-editor so-widget-sow-editor-base\"\n\t\t\t\n\t\t>\n<div class=\"siteorigin-widget-tinymce textwidget\">\n\t<\/div>\n<\/div><\/div><\/div><div id=\"panel-gb1067278-69df853c0e2d3-0-0-1\" class=\"so-panel widget widget_sow-headline\" data-index=\"1\" ><div\n\t\t\t\n\t\t\tclass=\"so-widget-sow-headline so-widget-sow-headline-default-0832d3a1ef8b-1067278\"\n\t\t\t\n\t\t><div class=\"sow-headline-container \">\n\t\t\t\t\t\t\t<h1 class=\"sow-headline\">\n\t\t\t\t\t\tLe th\u00e8me : \u00ab\u00a0Le COVID-19 vu par les sciences humaines\u00a0\u00bb\t\t\t\t\t\t<\/h1>\n\t\t\t\t\t\t<\/div>\n<\/div><\/div><div id=\"panel-gb1067278-69df853c0e2d3-0-0-2\" class=\"so-panel widget widget_sow-editor panel-last-child\" data-index=\"2\" ><div class=\"panel-widget-style panel-widget-style-for-gb1067278-69df853c0e2d3-0-0-2\" ><div\n\t\t\t\n\t\t\tclass=\"so-widget-sow-editor so-widget-sow-editor-base\"\n\t\t\t\n\t\t>\n<div class=\"siteorigin-widget-tinymce textwidget\">\n\t<blockquote>\n<p>En 2019, We-Search a lanc\u00e9 son projet bisannuel qui avait pour th\u00e9matique \u00ab\u00a0mon m\u00e9decin est-il en bonne sant\u00e9\u00a0\u00bb. Le projet s&rsquo;est prouv\u00e9 plus actuel que jamais d\u00e9but 2020, lors du d\u00e9but de la pand\u00e9mie de COVID-19. Apr\u00e8s une p\u00e9riode d&rsquo;arr\u00eat due \u00e0 la pand\u00e9mie, le projet a \u00e9t\u00e9 relanc\u00e9 de plus belle, avec une revue 2021 plus diverse que jamais. Pour la premi\u00e8re fois, cette revue m\u00eale des articles de jeunes chercheurs, d&rsquo;\u00e9tudiants de rh\u00e9torique et de professeurs d&rsquo;universit\u00e9, le tout dans un optique toujours renouvel\u00e9e de d\u00e9bat soci\u00e9tal.<\/p>\n<\/blockquote>\n<\/div>\n<\/div><\/div><\/div><\/div><\/div><\/div><div id=\"pg-gb1067278-69df853c0e2d3-1\"  class=\"panel-grid panel-no-style\" ><div id=\"pgc-gb1067278-69df853c0e2d3-1-0\"  class=\"panel-grid-cell\" ><div id=\"panel-gb1067278-69df853c0e2d3-1-0-0\" class=\"so-panel widget widget_sow-editor panel-first-child\" data-index=\"3\" ><div\n\t\t\t\n\t\t\tclass=\"so-widget-sow-editor so-widget-sow-editor-base\"\n\t\t\t\n\t\t>\n<div class=\"siteorigin-widget-tinymce textwidget\">\n\t<p>Les articles qui composent ce num\u00e9ro sont les suivants. Ils sont t\u00e9l\u00e9chargeables individuellement en pdf en cliquant sur leur titre.<\/p>\n<p><strong>Partie 1. THEMA: Le Covid pens\u00e9 par les sciences humaines et sociales<\/strong><\/p>\n<ul>\n<li><a href=\"https:\/\/we-search.be\/wp-content\/uploads\/2022\/02\/Article_introduction.pdf\" target=\"_blank\" rel=\"noopener\"><em>Introduction<\/em><\/a> &#8211; Par Guillaume Grignard<\/li>\n<li><a href=\"https:\/\/we-search.be\/wp-content\/uploads\/2022\/02\/Article_Virus-et-viralite\u0301.pdf\" target=\"_blank\" rel=\"noopener\"><em>Virus et viralit\u00e9: une pand\u00e9mie conspirationniste ?<\/em><\/a> &#8211; Pauline Claessens<\/li>\n<li><a href=\"https:\/\/we-search.be\/wp-content\/uploads\/2022\/02\/Article_Gestion-Covid-Asie-de-lEst.pdf\" target=\"_blank\" rel=\"noopener\"><em>La gestion de la COVID-19 en Asie de l&rsquo;Est: quelles le\u00e7ons pour les pays occidentaux ?<\/em><\/a> &#8211; Par Thierry Kellner<\/li>\n<li><a href=\"https:\/\/we-search.be\/wp-content\/uploads\/2022\/02\/Article_Impact-COVID-ONG.pdf\" target=\"_blank\" rel=\"noopener\"><em>Comment le Covid a impacte\u0301 la manie\u0300re de travailler des ONG et, en particulier, leur ro\u0302le d\u2019advocacy au sein du parlement europe\u0301en ?<\/em><\/a> &#8211; Par Martina Poliseno, Markku Midre et Maimouna Kane<\/li>\n<\/ul>\n<p><strong>Partie 2. VARIA<\/strong><\/p>\n<ul>\n<li><em><a href=\"https:\/\/we-search.be\/wp-content\/uploads\/2022\/02\/Article_le-biomime\u0301tisme.pdf\" target=\"_blank\" rel=\"noopener\">Le biomim\u00e9tisme<\/a> &#8211;\u00a0<\/em>Mathieu Robin<\/li>\n<li><em><a href=\"https:\/\/we-search.be\/wp-content\/uploads\/2022\/02\/Article_agriculture-urbaine.pdf\" target=\"_blank\" rel=\"noopener\">L&rsquo;agriculture urbaine<\/a> &#8211;<\/em> Oscar Duplat<\/li>\n<li><em><a href=\"https:\/\/we-search.be\/wp-content\/uploads\/2022\/02\/Article_Jane-Austen-la-romancie\u0300re-du-mariage.pdf\" target=\"_blank\" rel=\"noopener\">Jane Austen, la romanci\u00e8re du mariage<\/a> &#8211;<\/em> Juliette Balthazar<\/li>\n<li><em><a href=\"https:\/\/we-search.be\/wp-content\/uploads\/2022\/02\/Article_Mode-et-Politique.pdf\" target=\"_blank\" rel=\"noopener\">Mode et politique: comment les politicien-ne-s utilisent-ils\/elles leurs ve\u0302tements pour faire passer un message<\/a> &#8211; <\/em>Hortense Hervieux, Marine Cregniot, Lou Grimod, et E\u0301rine Fournier<\/li>\n<\/ul>\n<p>&nbsp;<\/p>\n<p>Vous retrouvez ce <strong>quatri\u00e8me num\u00e9ro<\/strong> de We-Search Journal au complet ci-dessous.<\/p>\n<\/div>\n<\/div><\/div><div id=\"panel-gb1067278-69df853c0e2d3-1-0-1\" class=\"widget_text so-panel widget widget_custom_html panel-last-child\" data-index=\"4\" ><div class=\"textwidget custom-html-widget\"><iframe loading=\"lazy\" class=\"wonderplugin-pdf-iframe\" src=\"https:\/\/we-search.be\/wp-content\/plugins\/wonderplugin-pdf-embed\/pdfjslight\/web\/viewer.html?v=2&#038;file=https:\/\/we-search.be\/wp-content\/uploads\/2021\/12\/WeSearch-2021_1002.pdf\" width=\"100%\" height=\"600px\" style=\"border:0;\"><\/iframe><\/div><\/div><\/div><\/div><\/div><span class=\"et_bloom_bottom_trigger\"><\/span>","protected":false},"excerpt":{"rendered":"<p>En 2019, We-Search a lanc\u00e9 son projet bisannuel qui avait pour th\u00e9matique \u00ab\u00a0mon m\u00e9decin est-il en bonne sant\u00e9\u00a0\u00bb. Le projet s&rsquo;est prouv\u00e9 plus actuel que jamais d\u00e9but 2020, lors du<a class=\"moretag\" href=\"https:\/\/we-search.be\/index.php\/nos-projets\/we-search-journal\/la-publication-2021\/\"><span class=\"screen-reader-text\">En savoir plus surLa publication 2021<\/span>[&#8230;]<\/a><\/p>\n","protected":false},"author":4,"featured_media":0,"parent":47185,"menu_order":0,"comment_status":"closed","ping_status":"closed","template":"","meta":{"jetpack_post_was_ever_published":false,"footnotes":""},"class_list":["post-1067278","page","type-page","status-publish","hentry"],"jetpack_sharing_enabled":true,"jetpack_shortlink":"https:\/\/wp.me\/P9cJNf-4tEa","jetpack_likes_enabled":true,"jetpack-related-posts":[],"_links":{"self":[{"href":"https:\/\/we-search.be\/index.php\/wp-json\/wp\/v2\/pages\/1067278","targetHints":{"allow":["GET"]}}],"collection":[{"href":"https:\/\/we-search.be\/index.php\/wp-json\/wp\/v2\/pages"}],"about":[{"href":"https:\/\/we-search.be\/index.php\/wp-json\/wp\/v2\/types\/page"}],"author":[{"embeddable":true,"href":"https:\/\/we-search.be\/index.php\/wp-json\/wp\/v2\/users\/4"}],"replies":[{"embeddable":true,"href":"https:\/\/we-search.be\/index.php\/wp-json\/wp\/v2\/comments?post=1067278"}],"version-history":[{"count":4,"href":"https:\/\/we-search.be\/index.php\/wp-json\/wp\/v2\/pages\/1067278\/revisions"}],"predecessor-version":[{"id":1099654,"href":"https:\/\/we-search.be\/index.php\/wp-json\/wp\/v2\/pages\/1067278\/revisions\/1099654"}],"up":[{"embeddable":true,"href":"https:\/\/we-search.be\/index.php\/wp-json\/wp\/v2\/pages\/47185"}],"wp:attachment":[{"href":"https:\/\/we-search.be\/index.php\/wp-json\/wp\/v2\/media?parent=1067278"}],"curies":[{"name":"wp","href":"https:\/\/api.w.org\/{rel}","templated":true}]}}