{"id":119,"date":"2017-05-29T22:25:11","date_gmt":"2017-05-29T20:25:11","guid":{"rendered":"http:\/\/we-search.be\/?page_id=119"},"modified":"2019-09-20T20:05:19","modified_gmt":"2019-09-20T18:05:19","slug":"la-publication-2017","status":"publish","type":"page","link":"https:\/\/we-search.be\/index.php\/nos-projets\/we-search-journal\/la-publication-2017\/","title":{"rendered":"La publication 2017"},"content":{"rendered":"<div id=\"pl-119\"  class=\"panel-layout\" ><div id=\"pg-119-0\"  class=\"panel-grid panel-has-style\" ><div class=\"siteorigin-panels-stretch panel-row-style panel-row-style-for-119-0\" data-stretch-type=\"full\" ><div id=\"pgc-119-0-0\"  class=\"panel-grid-cell\" ><div id=\"panel-119-0-0-0\" class=\"so-panel widget widget_sow-editor panel-first-child\" data-index=\"0\" ><div\n\t\t\t\n\t\t\tclass=\"so-widget-sow-editor so-widget-sow-editor-base\"\n\t\t\t\n\t\t>\n<div class=\"siteorigin-widget-tinymce textwidget\">\n\t<\/div>\n<\/div><\/div><div id=\"panel-119-0-0-1\" class=\"so-panel widget widget_sow-headline\" data-index=\"1\" ><div\n\t\t\t\n\t\t\tclass=\"so-widget-sow-headline so-widget-sow-headline-default-0832d3a1ef8b-119\"\n\t\t\t\n\t\t><div class=\"sow-headline-container \">\n\t\t\t\t\t\t\t<h1 class=\"sow-headline\">\n\t\t\t\t\t\tLe th\u00e8me : \"Le libre examen \u00e0 l'ULB\"\t\t\t\t\t\t<\/h1>\n\t\t\t\t\t\t<\/div>\n<\/div><\/div><div id=\"panel-119-0-0-2\" class=\"so-panel widget widget_sow-editor panel-last-child\" data-index=\"2\" ><div\n\t\t\t\n\t\t\tclass=\"so-widget-sow-editor so-widget-sow-editor-base\"\n\t\t\t\n\t\t>\n<div class=\"siteorigin-widget-tinymce textwidget\">\n\t<blockquote>\n<p><span style=\"color: #ffffff\">Pour sa premi\u00e8re ann\u00e9e d'existence, We-Search a choisi <strong>un sujet au c\u0153ur de la vie sociale des \u00e9tudiants<\/strong> puisqu'il s'agissait d'\u00e9tudier <strong>la fa\u00e7on dont se pratique le libre-examen \u00e0 l'ULB<\/strong>, tant au niveau de l'enseignement que dans la vie estudiantine. L'objectif de ce choix \u00e9tait de leur permettre d'apporter un regard critique sur une des valeurs les plus fortes de leur universit\u00e9. Il s'agissait \u00e9galement de <strong>voir comment un tel concept s'est construit dans le temps, et comment il est utilis\u00e9 par l'universit\u00e9<\/strong>.<\/span><\/p>\n<\/blockquote>\n<\/div>\n<\/div><\/div><\/div><\/div><\/div><div id=\"pg-119-1\"  class=\"panel-grid panel-no-style\" ><div id=\"pgc-119-1-0\"  class=\"panel-grid-cell\" ><div id=\"panel-119-1-0-0\" class=\"so-panel widget widget_sow-editor panel-first-child\" data-index=\"3\" ><div\n\t\t\t\n\t\t\tclass=\"so-widget-sow-editor so-widget-sow-editor-base\"\n\t\t\t\n\t\t>\n<div class=\"siteorigin-widget-tinymce textwidget\">\n\t<div align=\"justify\">Les \u00e9tudiants ont \u00e9t\u00e9 confront\u00e9s \u00e0 la r\u00e9alit\u00e9 d'une recherche de terrain au coeur m\u00eame de leur universit\u00e9, et ont \u00e9t\u00e9 amen\u00e9s \u00e0 questionner les fondements sur lesquels elle est construite. Soutenus par un suivi r\u00e9gulier des organisateurs de We-Search et les d\u00e9bats de la <a href=\"http:\/\/we-search.be\/index.php\/2016-2017\/la-bufference-2017\/\">Buff\u00e9rence<\/a>, organis\u00e9e en mars 2017, les \u00e9tudiants ont pu enrichir et publier leur analyse en ao\u00fbt 2017.<\/div>\n<div align=\"justify\"><\/div>\n<div align=\"justify\">\n<p>Vous pourrez retrouver dans ce <strong>premier num\u00e9ro<\/strong> :<\/p>\n<ul>\n<li class=\"font_7\">Un <span style=\"color: #f16c20\">panorama des conceptions des \u00e9tudiants de l\u2019ULB du libre examen <\/span>par Elo\u00efse Goffart ;<\/li>\n<li class=\"font_7\">Le <span style=\"color: #f16c20\">libre examen \u00e0 l\u2019\u00e9preuve du droit<\/span> par Alexandre Bartholomeeusen ;<\/li>\n<li class=\"font_7\">Le <span style=\"color: #f16c20\">libre examen dans les discours des recteurs<\/span> par Pauline Claessens.<\/li>\n<\/ul>\n<\/div>\n<\/div>\n<\/div><\/div><div id=\"panel-119-1-0-1\" class=\"so-panel widget widget_ts_widgets_oembed panel-last-child\" data-index=\"4\" >\t\t\n\t\t<div class=\"ts-widgets-oembed\">\n\t\t\t<h3 class=\"widget-title\"><\/h3>\t\t\t\n\t\t\t<div class=\"ts-widgets-oembed-content\"><\/div><!-- .ts-widgets-oembed-content --><div class=\"ts-widgets-oembed-description\"><\/div>\t\t<\/div><!-- .ts-widgets-oembed -->\n\t\t\n\t\t<\/div><\/div><\/div><\/div><span class=\"et_bloom_bottom_trigger\"><\/span>","protected":false},"excerpt":{"rendered":"<p>Pour sa premi\u00e8re ann\u00e9e d&rsquo;existence, We-Search a choisi un sujet au c\u0153ur de la vie sociale des \u00e9tudiants puisqu&rsquo;il s&rsquo;agissait d&rsquo;\u00e9tudier la fa\u00e7on dont se pratique le libre-examen \u00e0 l&rsquo;ULB,<a class=\"moretag\" href=\"https:\/\/we-search.be\/index.php\/nos-projets\/we-search-journal\/la-publication-2017\/\"><span class=\"screen-reader-text\">En savoir plus surLa publication 2017<\/span>[&#8230;]<\/a><\/p>\n","protected":false},"author":4,"featured_media":0,"parent":47185,"menu_order":7,"comment_status":"closed","ping_status":"closed","template":"","meta":{"jetpack_post_was_ever_published":false,"footnotes":""},"class_list":["post-119","page","type-page","status-publish","hentry"],"jetpack_sharing_enabled":true,"jetpack_shortlink":"https:\/\/wp.me\/P9cJNf-1V","jetpack_likes_enabled":true,"jetpack-related-posts":[],"_links":{"self":[{"href":"https:\/\/we-search.be\/index.php\/wp-json\/wp\/v2\/pages\/119","targetHints":{"allow":["GET"]}}],"collection":[{"href":"https:\/\/we-search.be\/index.php\/wp-json\/wp\/v2\/pages"}],"about":[{"href":"https:\/\/we-search.be\/index.php\/wp-json\/wp\/v2\/types\/page"}],"author":[{"embeddable":true,"href":"https:\/\/we-search.be\/index.php\/wp-json\/wp\/v2\/users\/4"}],"replies":[{"embeddable":true,"href":"https:\/\/we-search.be\/index.php\/wp-json\/wp\/v2\/comments?post=119"}],"version-history":[{"count":18,"href":"https:\/\/we-search.be\/index.php\/wp-json\/wp\/v2\/pages\/119\/revisions"}],"predecessor-version":[{"id":487701,"href":"https:\/\/we-search.be\/index.php\/wp-json\/wp\/v2\/pages\/119\/revisions\/487701"}],"up":[{"embeddable":true,"href":"https:\/\/we-search.be\/index.php\/wp-json\/wp\/v2\/pages\/47185"}],"wp:attachment":[{"href":"https:\/\/we-search.be\/index.php\/wp-json\/wp\/v2\/media?parent=119"}],"curies":[{"name":"wp","href":"https:\/\/api.w.org\/{rel}","templated":true}]}}