{"id":252574,"date":"2018-11-29T21:18:31","date_gmt":"2018-11-29T20:18:31","guid":{"rendered":"http:\/\/we-search.be\/?page_id=252574"},"modified":"2019-09-20T20:00:24","modified_gmt":"2019-09-20T18:00:24","slug":"la-publication-2018","status":"publish","type":"page","link":"https:\/\/we-search.be\/index.php\/nos-projets\/we-search-journal\/la-publication-2018\/","title":{"rendered":"La publication 2018"},"content":{"rendered":"<div id=\"pl-252574\"  class=\"panel-layout\" ><div id=\"pg-252574-0\"  class=\"panel-grid panel-has-style\" ><div class=\"siteorigin-panels-stretch panel-row-style panel-row-style-for-252574-0\" data-stretch-type=\"full\" ><div id=\"pgc-252574-0-0\"  class=\"panel-grid-cell\" ><div id=\"panel-252574-0-0-0\" class=\"so-panel widget widget_sow-editor panel-first-child\" data-index=\"0\" ><div\n\t\t\t\n\t\t\tclass=\"so-widget-sow-editor so-widget-sow-editor-base\"\n\t\t\t\n\t\t>\n<div class=\"siteorigin-widget-tinymce textwidget\">\n\t<\/div>\n<\/div><\/div><div id=\"panel-252574-0-0-1\" class=\"so-panel widget widget_sow-headline\" data-index=\"1\" ><div\n\t\t\t\n\t\t\tclass=\"so-widget-sow-headline so-widget-sow-headline-default-0832d3a1ef8b-252574\"\n\t\t\t\n\t\t><div class=\"sow-headline-container \">\n\t\t\t\t\t\t\t<h1 class=\"sow-headline\">\n\t\t\t\t\t\tLe th\u00e8me : \"D\u00e9signer le vainqueur\"\t\t\t\t\t\t<\/h1>\n\t\t\t\t\t\t<\/div>\n<\/div><\/div><div id=\"panel-252574-0-0-2\" class=\"so-panel widget widget_sow-editor panel-last-child\" data-index=\"2\" ><div\n\t\t\t\n\t\t\tclass=\"so-widget-sow-editor so-widget-sow-editor-base\"\n\t\t\t\n\t\t>\n<div class=\"siteorigin-widget-tinymce textwidget\">\n\t<blockquote><p><span style=\"color: #ffffff\">Tant dans le domaine politique, sportif, musical que juridique, nous tentons toujours de d\u00e9signer un vainqueur.<\/span><\/p>\n<ul>\n<li><span style=\"color: #ffffff\">Mais qu\u2019est-ce qu\u2019un vainqueur ?<\/span><\/li>\n<li><span style=\"color: #ffffff\">Comment se construit une victoire ?<\/span><\/li>\n<li><span style=\"color: #ffffff\">Les meilleurs sont-ils n\u00e9cessairement les vainqueurs ? <\/span><\/li>\n<li><span style=\"color: #ffffff\">Quels sont les d\u00e9terminants de la victoire ou de la d\u00e9faite ?<\/span><\/li>\n<\/ul>\n<\/blockquote>\n<\/div>\n<\/div><\/div><\/div><\/div><\/div><div id=\"pg-252574-1\"  class=\"panel-grid panel-no-style\" ><div id=\"pgc-252574-1-0\"  class=\"panel-grid-cell\" ><div id=\"panel-252574-1-0-0\" class=\"so-panel widget widget_sow-editor panel-first-child\" data-index=\"3\" ><div\n\t\t\t\n\t\t\tclass=\"so-widget-sow-editor so-widget-sow-editor-base\"\n\t\t\t\n\t\t>\n<div class=\"siteorigin-widget-tinymce textwidget\">\n\t<p>Pour cette \u00e9dition 2017-2018, le projet We-Search visait \u00e0 rassembler des domaines aussi divers que la sociologie, la politologie, l\u2019histoire, le droit, la musicologie, la philosophie, les math\u00e9matiques\u2026 pour tenter de faire sens de cette notion. Par les moyens aussi divers que l\u2019\u00e9tude de terrain qualitative ou quantitative, l\u2019analyse statistique ou th\u00e9orique, il s\u2019agit d\u2019apporter des \u00e9l\u00e9ments nouveaux \u00e0 ajouter au corpus scientifique sur le sujet. <a href=\"http:\/\/we-search.be\/index.php\/event\/bufference-2018\/\">La \"buff\u00e9rence\" s'est tenue le 24 mars 2018<\/a>, et a permis des \u00e9changes fructueux entre participants.<\/p>\n<p>&nbsp;<\/p>\n<p>Vous pourrez retrouver dans ce <strong>deuxi\u00e8me num\u00e9ro<\/strong> :<\/p>\n<ul>\n<li><span style=\"color: #f16c20\">Br\u00e8ve histoire du proc\u00e8s. Comment le droit d\u00e9finit-il le vainqueur ?<\/span> par Alexandre Bartholomeeusen<\/li>\n<li><span style=\"color: #f16c20\">Manufacturing winners and losers. An analysis of games and how we play them<\/span> par\u00a0 Panagiotis Giannakakis<\/li>\n<li><span style=\"color: #f16c20\">Musique et concours depuis l'antiquit\u00e9<\/span> par Simon-Marin Ghys<\/li>\n<li><span style=\"color: #f16c20\">Le vainqueur triste. Construction du \"gagnant\" et du \"perdant\" au sein des comp\u00e9titions contemporaines de musique classique<\/span> par Guillaume Grignard<\/li>\n<li><span style=\"color: #f16c20\">Vainqueur ou perdant ? Le cas du boxeur Kid Pamb\u00e9l\u00e9\u00a0 <\/span>par Pauline Claessens<\/li>\n<li><span style=\"color: #f16c20\">L'\u00e9pop\u00e9e russe. Analyse de la victoire par Jean-Michel De Waele<\/span> par Guillaume Grignard<\/li>\n<\/ul>\n<p>&nbsp;<\/p>\n<\/div>\n<\/div><\/div><div id=\"panel-252574-1-0-1\" class=\"so-panel widget widget_ts_widgets_oembed panel-last-child\" data-index=\"4\" >\t\t\n\t\t<div class=\"ts-widgets-oembed\">\n\t\t\t<h3 class=\"widget-title\"><\/h3>\t\t\t\n\t\t\t<div class=\"ts-widgets-oembed-content\"><\/div><!-- .ts-widgets-oembed-content --><div class=\"ts-widgets-oembed-description\"><\/div>\t\t<\/div><!-- .ts-widgets-oembed -->\n\t\t\n\t\t<\/div><\/div><\/div><\/div><span class=\"et_bloom_bottom_trigger\"><\/span>","protected":false},"excerpt":{"rendered":"<p>Tant dans le domaine politique, sportif, musical que juridique, nous tentons toujours de d\u00e9signer un vainqueur. Mais qu\u2019est-ce qu\u2019un vainqueur ? Comment se construit une victoire ? Les meilleurs sont-ils<a class=\"moretag\" href=\"https:\/\/we-search.be\/index.php\/nos-projets\/we-search-journal\/la-publication-2018\/\"><span class=\"screen-reader-text\">En savoir plus surLa publication 2018<\/span>[&#8230;]<\/a><\/p>\n","protected":false},"author":4,"featured_media":0,"parent":47185,"menu_order":0,"comment_status":"closed","ping_status":"closed","template":"","meta":{"jetpack_post_was_ever_published":false,"footnotes":""},"class_list":["post-252574","page","type-page","status-publish","hentry"],"jetpack_sharing_enabled":true,"jetpack_shortlink":"https:\/\/wp.me\/P9cJNf-13HM","jetpack_likes_enabled":true,"jetpack-related-posts":[],"_links":{"self":[{"href":"https:\/\/we-search.be\/index.php\/wp-json\/wp\/v2\/pages\/252574","targetHints":{"allow":["GET"]}}],"collection":[{"href":"https:\/\/we-search.be\/index.php\/wp-json\/wp\/v2\/pages"}],"about":[{"href":"https:\/\/we-search.be\/index.php\/wp-json\/wp\/v2\/types\/page"}],"author":[{"embeddable":true,"href":"https:\/\/we-search.be\/index.php\/wp-json\/wp\/v2\/users\/4"}],"replies":[{"embeddable":true,"href":"https:\/\/we-search.be\/index.php\/wp-json\/wp\/v2\/comments?post=252574"}],"version-history":[{"count":21,"href":"https:\/\/we-search.be\/index.php\/wp-json\/wp\/v2\/pages\/252574\/revisions"}],"predecessor-version":[{"id":487666,"href":"https:\/\/we-search.be\/index.php\/wp-json\/wp\/v2\/pages\/252574\/revisions\/487666"}],"up":[{"embeddable":true,"href":"https:\/\/we-search.be\/index.php\/wp-json\/wp\/v2\/pages\/47185"}],"wp:attachment":[{"href":"https:\/\/we-search.be\/index.php\/wp-json\/wp\/v2\/media?parent=252574"}],"curies":[{"name":"wp","href":"https:\/\/api.w.org\/{rel}","templated":true}]}}