{"id":486135,"date":"2019-09-19T19:37:09","date_gmt":"2019-09-19T17:37:09","guid":{"rendered":"http:\/\/we-search.be\/?page_id=486135"},"modified":"2022-02-07T13:45:33","modified_gmt":"2022-02-07T12:45:33","slug":"nos-objectifs","status":"publish","type":"page","link":"https:\/\/we-search.be\/index.php\/nos-objectifs\/","title":{"rendered":"Nos objectifs"},"content":{"rendered":"<div id=\"pl-486135\"  class=\"panel-layout\" ><div id=\"pg-486135-0\"  class=\"panel-grid panel-has-style\" ><div class=\"panel-row-style panel-row-style-for-486135-0\" ><div id=\"pgc-486135-0-0\"  class=\"panel-grid-cell\" ><div id=\"panel-486135-0-0-0\" class=\"so-panel widget widget_sow-headline panel-first-child\" data-index=\"0\" ><div\n\t\t\t\n\t\t\tclass=\"so-widget-sow-headline so-widget-sow-headline-default-68703b1e0c2f-486135\"\n\t\t\t\n\t\t><div class=\"sow-headline-container \">\n\t<\/div>\n<\/div><\/div><div id=\"panel-486135-0-0-1\" class=\"so-panel widget widget_sow-features panel-last-child\" data-index=\"1\" ><div\n\t\t\t\n\t\t\tclass=\"so-widget-sow-features so-widget-sow-features-default-4a4bfec5b9d1-486135\"\n\t\t\t\n\t\t><ul\n\tclass=\"sow-features-list\n\tsow-features-responsive\">\n\n\t\t\t<li\n\t\t\tclass=\"sow-features-feature sow-icon-container-position-top\"\n\t\t\tstyle=\"display: flex; flex-direction: column; width: calc(33.333% - 25px);\"\n\t\t>\n\t\t\t\n\t\t\t\t\t\t<div\t\t\t\tclass=\"sow-icon-container sow-container-round\"\n\t\t\t\tstyle=\"color: #78aaaa; \"\n\t\t\t\t\n\t\t\t\t\t\t\t>\n\t\t\t\t<span class=\"sow-icon-elegantline\" data-sow-icon=\"&#xe032;\"\n\t\tstyle=\"font-size: 75px; color: #ffffff\" \n\t\taria-hidden=\"true\"><\/span>\t\t\t<\/div>\n\n\t\t\t<div class=\"textwidget\">\n\t\t\t\t\n\t\t\t\t\t\t\t\t\t<h5 class=\"sow-features-feature-title\">\n\t\t\t\t\t\tPour les \u00e9tudiants\t\t\t\t\t<\/h5>\n\t\t\t\t\n\t\t\t\t\t\t\t\t\t<div class=\"sow-features-feature-text\">\n\t\t\t\t\t<p>Pour les e\u0301tudiants, We-Search est une opportunite\u0301 d'<strong>accroitre leurs compe\u0301tences et connaissances<\/strong>, et rajouter une activite\u0301 enrichissante a\u0300 leur curriculum vitae. Il s'agit d'une occasion de <strong>d\u00e9velopper leur esprit critique.\u00a0<\/strong>Concr\u00e8tement, l'association leur offre donc une plateforme de publication de leur recherche ainsi que la possibilit\u00e9 de la communiquer vers un plus large public.<\/p>\n\t\t\t\t\t<\/div>\n\t\t\t\t\t\t\t\t<\/div>\n\t\t\t\t\t\t\t\t<\/li>\n\n\t\t\t<li\n\t\t\tclass=\"sow-features-feature sow-icon-container-position-top\"\n\t\t\tstyle=\"display: flex; flex-direction: column; width: calc(33.333% - 25px);\"\n\t\t>\n\t\t\t\n\t\t\t\t\t\t<div\t\t\t\tclass=\"sow-icon-container sow-container-round\"\n\t\t\t\tstyle=\"color: #78aaaa; \"\n\t\t\t\t\n\t\t\t\t\t\t\t>\n\t\t\t\t<span class=\"sow-icon-elegantline\" data-sow-icon=\"&#xe037;\"\n\t\tstyle=\"font-size: 75px; color: #FFFFFF\" \n\t\taria-hidden=\"true\"><\/span>\t\t\t<\/div>\n\n\t\t\t<div class=\"textwidget\">\n\t\t\t\t\n\t\t\t\t\t\t\t\t\t<h5 class=\"sow-features-feature-title\">\n\t\t\t\t\t\tPour le monde acad\u00e9mique\t\t\t\t\t<\/h5>\n\t\t\t\t\n\t\t\t\t\t\t\t\t\t<div class=\"sow-features-feature-text\">\n\t\t\t\t\t<p>We-Search est une initiative visant a\u0300 <strong>valoriser le monde de la recherche<\/strong> aupre\u0300s des e\u0301tudiants, en optant pour une <strong>approche dynamique des sciences humaines<\/strong> au sens large, attentive a\u0300 l\u2019e\u0301tablissement de liens entre disciplines. En parall\u00e8le, il s'agit de proposer une <strong>r\u00e9flexion sur la vulgarisation scientifique<\/strong>, et la modernisation des voies de transmission des connaissances.<\/p>\n\t\t\t\t\t<\/div>\n\t\t\t\t\t\t\t\t<\/div>\n\t\t\t\t\t\t\t\t<\/li>\n\n\t\t\t<li\n\t\t\tclass=\"sow-features-feature sow-icon-container-position-top\"\n\t\t\tstyle=\"display: flex; flex-direction: column; width: calc(33.333% - 25px);\"\n\t\t>\n\t\t\t\n\t\t\t\t\t\t<div\t\t\t\tclass=\"sow-icon-container sow-container-round\"\n\t\t\t\tstyle=\"color: #78aaaa; \"\n\t\t\t\t\n\t\t\t\t\t\t\t>\n\t\t\t\t<span class=\"sow-icon-elegantline\" data-sow-icon=\"&#xe045;\"\n\t\tstyle=\"font-size: 75px; color: #FFFFFF\" \n\t\taria-hidden=\"true\"><\/span>\t\t\t<\/div>\n\n\t\t\t<div class=\"textwidget\">\n\t\t\t\t\n\t\t\t\t\t\t\t\t\t<h5 class=\"sow-features-feature-title\">\n\t\t\t\t\t\tPour la soci\u00e9t\u00e9\t\t\t\t\t<\/h5>\n\t\t\t\t\n\t\t\t\t\t\t\t\t\t<div class=\"sow-features-feature-text\">\n\t\t\t\t\t<p>We-Search entend e\u0301galement avoir un impact socie\u0301tal plus large, en <strong>mettant en d\u00e9bat des questions d'actualit\u00e9,\u00a0<\/strong>dans un <strong>cadre innovant qui permet aux citoyens de se les approprier.\u00a0<\/strong>Ainsi, il s'agit concr\u00e8tement d'offrir un espace de discussion pour aborder diverses questions de soci\u00e9t\u00e9, dans une perspective scientifique.<\/p>\n\t\t\t\t\t<\/div>\n\t\t\t\t\t\t\t\t<\/div>\n\t\t\t\t\t\t\t\t<\/li>\n\n\t<\/ul>\n<\/div><\/div><\/div><\/div><\/div><div id=\"pg-486135-1\"  class=\"panel-grid panel-has-style\" ><div class=\"siteorigin-panels-stretch panel-row-style panel-row-style-for-486135-1\" data-stretch-type=\"full\" ><div id=\"pgc-486135-1-0\"  class=\"panel-grid-cell\" ><div id=\"panel-486135-1-0-0\" class=\"so-panel widget widget_sow-headline panel-first-child\" data-index=\"2\" ><div\n\t\t\t\n\t\t\tclass=\"so-widget-sow-headline so-widget-sow-headline-default-058016fd0d9c-486135\"\n\t\t\t\n\t\t><div class=\"sow-headline-container \">\n\t\t\t\t\t\t\t<h1 class=\"sow-headline\">\n\t\t\t\t\t\tD\u00e9couvrez \u00e9galement...\t\t\t\t\t\t<\/h1>\n\t\t\t\t\t\t<\/div>\n<\/div><\/div><div id=\"panel-486135-1-0-1\" class=\"so-panel widget widget_sow-features panel-last-child\" data-index=\"3\" ><div\n\t\t\t\n\t\t\tclass=\"so-widget-sow-features so-widget-sow-features-default-16dc0ec7243a-486135\"\n\t\t\t\n\t\t><ul\n\tclass=\"sow-features-list\n\tsow-features-responsive\">\n\n\t\t\t<li\n\t\t\tclass=\"sow-features-feature sow-icon-container-position-top\"\n\t\t\tstyle=\"display: flex; flex-direction: column; width: calc(33.333% - 25px);\"\n\t\t>\n\t\t\t\n\t\t\t\t\t\t<a\t\t\t\tclass=\"sow-icon-container sow-container-round\"\n\t\t\t\tstyle=\"color: #556061; \"\n\t\t\t\t\n\t\t\t\t\t\t\t\t\thref=\"https:\/\/we-search.be\/index.php\/notre-equipe\/\"\n\t\t\t\t\ttarget=\"_blank\" rel=\"noopener noreferrer\"\t\t\t>\n\t\t\t\t<span class=\"sow-icon-ionicons\" data-sow-icon=\"&#xf47b;\"\n\t\tstyle=\"font-size: 70px; color: #FFFFFF\" \n\t\taria-hidden=\"true\"><\/span>\t\t\t<\/a>\n\n\t\t\t<div class=\"textwidget\">\n\t\t\t\t\n\t\t\t\t\t\t\t\t\t<h5 class=\"sow-features-feature-title\">\n\t\t\t\t\t\tNotre \u00e9quipe\t\t\t\t\t<\/h5>\n\t\t\t\t\n\t\t\t\t\t\t\t<\/div>\n\t\t\t\t\t\t\t\t<\/li>\n\n\t\t\t<li\n\t\t\tclass=\"sow-features-feature sow-icon-container-position-top\"\n\t\t\tstyle=\"display: flex; flex-direction: column; width: calc(33.333% - 25px);\"\n\t\t>\n\t\t\t\n\t\t\t\t\t\t<a\t\t\t\tclass=\"sow-icon-container sow-container-round\"\n\t\t\t\tstyle=\"color: #556061; \"\n\t\t\t\t\n\t\t\t\t\t\t\t\t\thref=\"https:\/\/we-search.be\/index.php\/notre-vision\/\"\n\t\t\t\t\ttarget=\"_blank\" rel=\"noopener noreferrer\"\t\t\t>\n\t\t\t\t<span class=\"sow-icon-elegantline\" data-sow-icon=\"&#xe02a;\"\n\t\tstyle=\"font-size: 70px; color: #FFFFFF\" \n\t\taria-hidden=\"true\"><\/span>\t\t\t<\/a>\n\n\t\t\t<div class=\"textwidget\">\n\t\t\t\t\n\t\t\t\t\t\t\t\t\t<h5 class=\"sow-features-feature-title\">\n\t\t\t\t\t\tNotre vision\t\t\t\t\t<\/h5>\n\t\t\t\t\n\t\t\t\t\t\t\t<\/div>\n\t\t\t\t\t\t\t\t<\/li>\n\n\t\t\t<li\n\t\t\tclass=\"sow-features-feature sow-icon-container-position-top\"\n\t\t\tstyle=\"display: flex; flex-direction: column; width: calc(33.333% - 25px);\"\n\t\t>\n\t\t\t\n\t\t\t\t\t\t<a\t\t\t\tclass=\"sow-icon-container sow-container-round\"\n\t\t\t\tstyle=\"color: #556061; \"\n\t\t\t\t\n\t\t\t\t\t\t\t\t\thref=\"https:\/\/we-search.be\/index.php\/nos-projets\/\"\n\t\t\t\t\ttarget=\"_blank\" rel=\"noopener noreferrer\"\t\t\t>\n\t\t\t\t<span class=\"sow-icon-elegantline\" data-sow-icon=\"&#xe03c;\"\n\t\tstyle=\"font-size: 70px; color: #FFFFFF\" \n\t\taria-hidden=\"true\"><\/span>\t\t\t<\/a>\n\n\t\t\t<div class=\"textwidget\">\n\t\t\t\t\n\t\t\t\t\t\t\t\t\t<h5 class=\"sow-features-feature-title\">\n\t\t\t\t\t\tNos projets\t\t\t\t\t<\/h5>\n\t\t\t\t\n\t\t\t\t\t\t\t<\/div>\n\t\t\t\t\t\t\t\t<\/li>\n\n\t<\/ul>\n<\/div><\/div><\/div><\/div><\/div><\/div><span class=\"et_bloom_bottom_trigger\"><\/span>","protected":false},"excerpt":{"rendered":"<p>Pour les \u00e9tudiants Pour les e\u0301tudiants, We-Search est une opportunite\u0301 d&rsquo;accroitre leurs compe\u0301tences et connaissances, et rajouter une activite\u0301 enrichissante a\u0300 leur curriculum vitae. Il s&rsquo;agit d&rsquo;une occasion de d\u00e9velopper<a class=\"moretag\" href=\"https:\/\/we-search.be\/index.php\/nos-objectifs\/\"><span class=\"screen-reader-text\">En savoir plus surNos objectifs<\/span>[&#8230;]<\/a><\/p>\n","protected":false},"author":4,"featured_media":0,"parent":0,"menu_order":0,"comment_status":"closed","ping_status":"closed","template":"","meta":{"jetpack_post_was_ever_published":false,"footnotes":""},"class_list":["post-486135","page","type-page","status-publish","hentry"],"jetpack_sharing_enabled":true,"jetpack_shortlink":"https:\/\/wp.me\/P9cJNf-22sT","jetpack_likes_enabled":true,"jetpack-related-posts":[],"_links":{"self":[{"href":"https:\/\/we-search.be\/index.php\/wp-json\/wp\/v2\/pages\/486135","targetHints":{"allow":["GET"]}}],"collection":[{"href":"https:\/\/we-search.be\/index.php\/wp-json\/wp\/v2\/pages"}],"about":[{"href":"https:\/\/we-search.be\/index.php\/wp-json\/wp\/v2\/types\/page"}],"author":[{"embeddable":true,"href":"https:\/\/we-search.be\/index.php\/wp-json\/wp\/v2\/users\/4"}],"replies":[{"embeddable":true,"href":"https:\/\/we-search.be\/index.php\/wp-json\/wp\/v2\/comments?post=486135"}],"version-history":[{"count":17,"href":"https:\/\/we-search.be\/index.php\/wp-json\/wp\/v2\/pages\/486135\/revisions"}],"predecessor-version":[{"id":486187,"href":"https:\/\/we-search.be\/index.php\/wp-json\/wp\/v2\/pages\/486135\/revisions\/486187"}],"wp:attachment":[{"href":"https:\/\/we-search.be\/index.php\/wp-json\/wp\/v2\/media?parent=486135"}],"curies":[{"name":"wp","href":"https:\/\/api.w.org\/{rel}","templated":true}]}}