{"id":487319,"date":"2019-09-20T18:50:59","date_gmt":"2019-09-20T16:50:59","guid":{"rendered":"http:\/\/we-search.be\/?page_id=487319"},"modified":"2023-03-08T14:27:10","modified_gmt":"2023-03-08T13:27:10","slug":"participer","status":"publish","type":"page","link":"https:\/\/we-search.be\/index.php\/participer\/","title":{"rendered":"Comment participer"},"content":{"rendered":"<div id=\"pl-487319\"  class=\"panel-layout\" ><div id=\"pg-487319-0\"  class=\"panel-grid panel-has-style\" ><div class=\"panel-row-style panel-row-style-for-487319-0\" ><div id=\"pgc-487319-0-0\"  class=\"panel-grid-cell\" ><div id=\"panel-487319-0-0-0\" class=\"so-panel widget widget_sow-editor panel-first-child\" data-index=\"0\" ><div\n\t\t\t\n\t\t\tclass=\"so-widget-sow-editor so-widget-sow-editor-base\"\n\t\t\t\n\t\t>\n<div class=\"siteorigin-widget-tinymce textwidget\">\n\t<p style=\"text-align: center\"><span style=\"color: #f16c20\">Il y a autant de mani\u00e8res de contribuer \u00e0 We-Search que de profils !\u00a0<\/span><\/p>\n<\/div>\n<\/div><\/div><div id=\"panel-487319-0-0-1\" class=\"so-panel widget widget_sow-features panel-last-child\" data-index=\"1\" ><div\n\t\t\t\n\t\t\tclass=\"so-widget-sow-features so-widget-sow-features-default-b1b96aa0632d-487319\"\n\t\t\t\n\t\t><ul\n\tclass=\"sow-features-list\n\tsow-features-responsive\">\n\n\t\t\t<li\n\t\t\tclass=\"sow-features-feature sow-icon-container-position-top\"\n\t\t\tstyle=\"display: flex; flex-direction: column; width: calc(100% - 25px);\"\n\t\t>\n\t\t\t\n\t\t\t\t\t\t<div\t\t\t\tclass=\"sow-icon-container sow-container-round\"\n\t\t\t\tstyle=\"color: #78aaaa; \"\n\t\t\t\t\n\t\t\t\t\t\t\t>\n\t\t\t\t<span class=\"sow-icon-elegantline\" data-sow-icon=\"&#xe032;\"\n\t\tstyle=\"font-size: 100px; color: #FFFFFF\" \n\t\taria-hidden=\"true\"><\/span>\t\t\t<\/div>\n\n\t\t\t<div class=\"textwidget\">\n\t\t\t\t\n\t\t\t\t\t\t\t\t\t<h5 class=\"sow-features-feature-title\">\n\t\t\t\t\t\tContribuer \u00e0 la revue annuelle !\t\t\t\t\t<\/h5>\n\t\t\t\t\n\t\t\t\t\t\t\t\t\t<div class=\"sow-features-feature-text\">\n\t\t\t\t\t<p style=\"text-align: center\">We-Search offre l'opportunit\u00e9 pour les (anciens) \u00e9tudiants de <strong>publier dans la revue annuelle, qui sort \u00e0 l'automne<\/strong>. Un appel \u00e0 contribution est lanc\u00e9 chaque ann\u00e9e; et les articles sont \u00e9valu\u00e9s dans le courant de l'\u00e9t\u00e9. L'appel \u00e0 contributions actuel se cl\u00f4ture le 6 juin 2023 - <a href=\"https:\/\/we-search.be\/wp-content\/uploads\/2023\/03\/Appel-a-contributions-WS-2023.pdf\">plus d'infos: appel \u00e0 contributions<\/a>.<\/p>\n\t\t\t\t\t<\/div>\n\t\t\t\t\t\t\t\t<\/div>\n\t\t\t\t\t\t\t\t<\/li>\n\n\t\t\t<li\n\t\t\tclass=\"sow-features-feature sow-icon-container-position-top\"\n\t\t\tstyle=\"display: flex; flex-direction: column; width: calc(100% - 25px);\"\n\t\t>\n\t\t\t\n\t\t\t\t\t\t<a\t\t\t\tclass=\"sow-icon-container sow-container-round\"\n\t\t\t\tstyle=\"color: #78aaaa; \"\n\t\t\t\t\n\t\t\t\t\t\t\t\t\thref=\"http:\/\/we-search.be\/index.php\/we-discuss\/\"\n\t\t\t\t\t\t\t\t>\n\t\t\t\t<span class=\"sow-icon-elegantline\" data-sow-icon=\"&#xe016;\"\n\t\tstyle=\"font-size: 100px; color: #FFFFFF\" \n\t\taria-hidden=\"true\"><\/span>\t\t\t<\/a>\n\n\t\t\t<div class=\"textwidget\">\n\t\t\t\t\n\t\t\t\t\t\t\t\t\t<h5 class=\"sow-features-feature-title\">\n\t\t\t\t\t\t\t\t\t\t\t\t\t<a\n\t\t\t\t\t\t\t\thref=\"http:\/\/we-search.be\/index.php\/we-discuss\/\"\n\t\t\t\t\t\t\t\t\t\t\t\t\t\t\t>\n\t\t\t\t\t\t\tEcrire un We-Discuss \t\t\t\t\t\t\t<\/a>\n\t\t\t\t\t\t\t\t\t\t\t\t<\/h5>\n\t\t\t\t\n\t\t\t\t\t\t\t\t\t<div class=\"sow-features-feature-text\">\n\t\t\t\t\t<p style=\"text-align: center\">Les We-Discuss sont des <strong>billets de blog<\/strong>, des articles courts abordant des questions d\u2019actualit\u00e9. Ils sont publi\u00e9s en cours d\u2019ann\u00e9e par l\u2019\u00e9quipe We-Search mais nous <strong>ouvrons \u00e9galement la publication aux contributions ext\u00e9rieures<\/strong>, sous r\u00e9serve du respect de la charte \u00e9ditoriale.<\/p>\n<p>&nbsp;<\/p>\n\t\t\t\t\t<\/div>\n\t\t\t\t\t\t\t\t<\/div>\n\t\t\t\t\t\t\t\t<\/li>\n\n\t<\/ul>\n<\/div><\/div><\/div><\/div><\/div><div id=\"pg-487319-1\"  class=\"panel-grid panel-has-style\" ><div class=\"panel-row-style panel-row-style-for-487319-1\" ><div id=\"pgc-487319-1-0\"  class=\"panel-grid-cell\" ><div id=\"panel-487319-1-0-0\" class=\"so-panel widget widget_sow-editor panel-first-child\" data-index=\"2\" ><div\n\t\t\t\n\t\t\tclass=\"so-widget-sow-editor so-widget-sow-editor-base\"\n\t\t\t\n\t\t>\n<div class=\"siteorigin-widget-tinymce textwidget\">\n\t<p style=\"text-align: center\"><span style=\"color: #f16c20\">Vous aimez le projet We-Search et souhaitez le voir continuer ? <\/span><\/p>\n<\/div>\n<\/div><\/div><div id=\"panel-487319-1-0-1\" class=\"so-panel widget widget_sow-features panel-last-child\" data-index=\"3\" ><div\n\t\t\t\n\t\t\tclass=\"so-widget-sow-features so-widget-sow-features-default-47fb3cad2535-487319\"\n\t\t\t\n\t\t><ul\n\tclass=\"sow-features-list\n\tsow-features-responsive\">\n\n\t\t\t<li\n\t\t\tclass=\"sow-features-feature sow-icon-container-position-top\"\n\t\t\tstyle=\"display: flex; flex-direction: column; width: calc(50% - 25px);\"\n\t\t>\n\t\t\t\n\t\t\t\t\t\t<a\t\t\t\tclass=\"sow-icon-container sow-container-round\"\n\t\t\t\tstyle=\"color: #78aaaa; \"\n\t\t\t\t\n\t\t\t\t\t\t\t\t\thref=\"https:\/\/we-search.be\/index.php\/nous-contacter\/\"\n\t\t\t\t\t\t\t\t>\n\t\t\t\t<span class=\"sow-icon-ionicons\" data-sow-icon=\"&#xf47b;\"\n\t\tstyle=\"font-size: 100px; color: #FFFFFF\" \n\t\taria-hidden=\"true\"><\/span>\t\t\t<\/a>\n\n\t\t\t<div class=\"textwidget\">\n\t\t\t\t\n\t\t\t\t\t\t\t\t\t<h5 class=\"sow-features-feature-title\">\n\t\t\t\t\t\t\t\t\t\t\t\t\t<a\n\t\t\t\t\t\t\t\thref=\"https:\/\/we-search.be\/index.php\/nous-contacter\/\"\n\t\t\t\t\t\t\t\t\t\t\t\t\t\t\t>\n\t\t\t\t\t\t\tRejoindre l'\u00e9quipe\t\t\t\t\t\t\t<\/a>\n\t\t\t\t\t\t\t\t\t\t\t\t<\/h5>\n\t\t\t\t\n\t\t\t\t\t\t\t\t\t<div class=\"sow-features-feature-text\">\n\t\t\t\t\t<p style=\"text-align: center\">Vous aimez le projet et souhaitez vous impliquer? Contactez-nous pour rejoindre l'\u00e9quipe et faire partie de l'aventure !<\/p>\n\t\t\t\t\t<\/div>\n\t\t\t\t\t\t\t\t<\/div>\n\t\t\t\t\t\t\t\t<\/li>\n\n\t\t\t<li\n\t\t\tclass=\"sow-features-feature sow-icon-container-position-top\"\n\t\t\tstyle=\"display: flex; flex-direction: column; width: calc(50% - 25px);\"\n\t\t>\n\t\t\t\n\t\t\t\t\t\t<div\t\t\t\tclass=\"sow-icon-container sow-container-round\"\n\t\t\t\tstyle=\"color: #78aaaa; \"\n\t\t\t\t\n\t\t\t\t\t\t\t>\n\t\t\t\t<span class=\"sow-icon-elegantline\" data-sow-icon=\"&#xe016;\"\n\t\tstyle=\"font-size: 100px; color: #FFFFFF\" \n\t\taria-hidden=\"true\"><\/span>\t\t\t<\/div>\n\n\t\t\t<div class=\"textwidget\">\n\t\t\t\t\n\t\t\t\t\t\t\t\t\t<h5 class=\"sow-features-feature-title\">\n\t\t\t\t\t\tFaire un don\t\t\t\t\t<\/h5>\n\t\t\t\t\n\t\t\t\t\t\t\t\t\t<div class=\"sow-features-feature-text\">\n\t\t\t\t\t<p style=\"text-align: center\">We-Search est une asbl ind\u00e9pendante... mais cette ind\u00e9pendance \u00e0 un co\u00fbt ! Aidez-nous \u00e0 la maintenir en nous faisant un don<\/p>\n<p style=\"text-align: center\"><span style=\"color: #3ba8a8\">BE46 0018 2288 5836<\/span><\/p>\n<p style=\"text-align: center\"><span style=\"color: #3ba8a8\">BIC: GEBABEBB<\/span><\/p>\n<p>&nbsp;<\/p>\n\t\t\t\t\t<\/div>\n\t\t\t\t\t\t\t\t<\/div>\n\t\t\t\t\t\t\t\t<\/li>\n\n\t<\/ul>\n<\/div><\/div><\/div><\/div><\/div><div id=\"pg-487319-2\"  class=\"panel-grid panel-has-style\" ><div class=\"siteorigin-panels-stretch panel-row-style panel-row-style-for-487319-2\" data-stretch-type=\"full\" ><div id=\"pgc-487319-2-0\"  class=\"panel-grid-cell\" ><div id=\"panel-487319-2-0-0\" class=\"so-panel widget widget_sow-hero panel-first-child panel-last-child\" data-index=\"4\" ><div\n\t\t\t\n\t\t\tclass=\"so-widget-sow-hero so-widget-sow-hero-default-13aafa0251ed-487319 so-widget-fittext-wrapper\"\n\t\t\t data-fit-text-compressor=\"0.85\"\n\t\t>\t\t\t\t<div class=\"sow-slider-base\" style=\"display: none\" tabindex=\"0\">\n\t\t\t\t\t<ul\n\t\t\t\t\tclass=\"sow-slider-images\"\n\t\t\t\t\tdata-settings=\"{&quot;pagination&quot;:true,&quot;speed&quot;:800,&quot;timeout&quot;:8000,&quot;paused&quot;:false,&quot;pause_on_hover&quot;:false,&quot;swipe&quot;:true,&quot;nav_always_show_desktop&quot;:&quot;&quot;,&quot;nav_always_show_mobile&quot;:&quot;&quot;,&quot;breakpoint&quot;:&quot;780px&quot;,&quot;unmute&quot;:false,&quot;anchor&quot;:null}\"\n\t\t\t\t\t\t\t\t\t\tdata-anchor-id=\"\"\n\t\t\t\t>\t\t<li class=\"sow-slider-image\" style=\"visibility: visible;\" >\n\t\t\t\t\t<div class=\"sow-slider-image-container\">\n\t\t\t<div class=\"sow-slider-image-wrapper\">\n\t\t\t\t<h5 style=\"text-align: center\"><em>Contribuer \u00e0 We-Search c'est participer au<strong> d\u00e9veloppement d\u2019une revue scientifique nouvelle, ouverte, et mettant en avant les productions \u00e9tudiantes, et donc \u00e0 l'\u00e9volution du monde acad\u00e9mique. Et ce, tout en contribuant \u00e0 des d\u00e9bats de soci\u00e9t\u00e9. Rejoignez-nous pour faire part \u00e0 l'aventure !<\/strong><\/em><\/h5>\n\t\t\t<\/div>\n\t\t<\/div>\n\t\t\t\t<\/li>\n\t\t<\/ul>\t\t\t\t<ol class=\"sow-slider-pagination\">\n\t\t\t\t\t\t\t\t\t\t\t<li><a href=\"#\" data-goto=\"0\" aria-label=\"Display slide 1\"><\/a><\/li>\n\t\t\t\t\t\t\t\t\t<\/ol>\n\n\t\t\t\t<div class=\"sow-slide-nav sow-slide-nav-next\">\n\t\t\t\t\t<a href=\"#\" data-goto=\"next\" aria-label=\"Next slide\" data-action=\"next\">\n\t\t\t\t\t\t<em class=\"sow-sld-icon-thin-right\"><\/em>\n\t\t\t\t\t<\/a>\n\t\t\t\t<\/div>\n\n\t\t\t\t<div class=\"sow-slide-nav sow-slide-nav-prev\">\n\t\t\t\t\t<a href=\"#\" data-goto=\"previous\" aria-label=\"Previous slide\" data-action=\"prev\">\n\t\t\t\t\t\t<em class=\"sow-sld-icon-thin-left\"><\/em>\n\t\t\t\t\t<\/a>\n\t\t\t\t<\/div>\n\t\t\t\t<\/div><\/div><\/div><\/div><\/div><\/div><div id=\"pg-487319-3\"  class=\"panel-grid panel-has-style\" ><div class=\"siteorigin-panels-stretch panel-row-style panel-row-style-for-487319-3\" data-stretch-type=\"full\" ><div id=\"pgc-487319-3-0\"  class=\"panel-grid-cell\" ><div id=\"panel-487319-3-0-0\" class=\"so-panel widget widget_sow-headline panel-first-child\" data-index=\"5\" ><div\n\t\t\t\n\t\t\tclass=\"so-widget-sow-headline so-widget-sow-headline-default-058016fd0d9c-487319\"\n\t\t\t\n\t\t><div class=\"sow-headline-container \">\n\t\t\t\t\t\t\t<h1 class=\"sow-headline\">\n\t\t\t\t\t\tD\u00e9couvrez \u00e9galement...\t\t\t\t\t\t<\/h1>\n\t\t\t\t\t\t<\/div>\n<\/div><\/div><div id=\"panel-487319-3-0-1\" class=\"so-panel widget widget_sow-features panel-last-child\" data-index=\"6\" ><div\n\t\t\t\n\t\t\tclass=\"so-widget-sow-features so-widget-sow-features-default-ad64b06efb21-487319\"\n\t\t\t\n\t\t><ul\n\tclass=\"sow-features-list\n\tsow-features-responsive\">\n\n\t\t\t<li\n\t\t\tclass=\"sow-features-feature sow-icon-container-position-top\"\n\t\t\tstyle=\"display: flex; flex-direction: column; width: calc(25% - 25px);\"\n\t\t>\n\t\t\t\n\t\t\t\t\t\t<a\t\t\t\tclass=\"sow-icon-container sow-container-round\"\n\t\t\t\tstyle=\"color: #556061; \"\n\t\t\t\t\n\t\t\t\t\t\t\t\t\thref=\"https:\/\/we-search.be\/index.php\/notre-equipe\/\"\n\t\t\t\t\ttarget=\"_blank\" rel=\"noopener noreferrer\"\t\t\t>\n\t\t\t\t<span class=\"sow-icon-ionicons\" data-sow-icon=\"&#xf47b;\"\n\t\tstyle=\"font-size: 70px; color: #FFFFFF\" \n\t\taria-hidden=\"true\"><\/span>\t\t\t<\/a>\n\n\t\t\t<div class=\"textwidget\">\n\t\t\t\t\n\t\t\t\t\t\t\t\t\t<h5 class=\"sow-features-feature-title\">\n\t\t\t\t\t\tNotre \u00e9quipe\t\t\t\t\t<\/h5>\n\t\t\t\t\n\t\t\t\t\t\t\t<\/div>\n\t\t\t\t\t\t\t\t<\/li>\n\n\t\t\t<li\n\t\t\tclass=\"sow-features-feature sow-icon-container-position-top\"\n\t\t\tstyle=\"display: flex; flex-direction: column; width: calc(25% - 25px);\"\n\t\t>\n\t\t\t\n\t\t\t\t\t\t<a\t\t\t\tclass=\"sow-icon-container sow-container-round\"\n\t\t\t\tstyle=\"color: #556061; \"\n\t\t\t\t\n\t\t\t\t\t\t\t\t\thref=\"https:\/\/we-search.be\/index.php\/notre-vision\/\"\n\t\t\t\t\ttarget=\"_blank\" rel=\"noopener noreferrer\"\t\t\t>\n\t\t\t\t<span class=\"sow-icon-elegantline\" data-sow-icon=\"&#xe02a;\"\n\t\tstyle=\"font-size: 70px; color: #FFFFFF\" \n\t\taria-hidden=\"true\"><\/span>\t\t\t<\/a>\n\n\t\t\t<div class=\"textwidget\">\n\t\t\t\t\n\t\t\t\t\t\t\t\t\t<h5 class=\"sow-features-feature-title\">\n\t\t\t\t\t\tNotre vision\t\t\t\t\t<\/h5>\n\t\t\t\t\n\t\t\t\t\t\t\t<\/div>\n\t\t\t\t\t\t\t\t<\/li>\n\n\t\t\t<li\n\t\t\tclass=\"sow-features-feature sow-icon-container-position-top\"\n\t\t\tstyle=\"display: flex; flex-direction: column; width: calc(25% - 25px);\"\n\t\t>\n\t\t\t\n\t\t\t\t\t\t<a\t\t\t\tclass=\"sow-icon-container sow-container-round\"\n\t\t\t\tstyle=\"color: #556061; \"\n\t\t\t\t\n\t\t\t\t\t\t\t\t\thref=\"https:\/\/we-search.be\/index.php\/nos-projets\/\"\n\t\t\t\t\ttarget=\"_blank\" rel=\"noopener noreferrer\"\t\t\t>\n\t\t\t\t<span class=\"sow-icon-elegantline\" data-sow-icon=\"&#xe03c;\"\n\t\tstyle=\"font-size: 70px; color: #FFFFFF\" \n\t\taria-hidden=\"true\"><\/span>\t\t\t<\/a>\n\n\t\t\t<div class=\"textwidget\">\n\t\t\t\t\n\t\t\t\t\t\t\t\t\t<h5 class=\"sow-features-feature-title\">\n\t\t\t\t\t\tNos projets\t\t\t\t\t<\/h5>\n\t\t\t\t\n\t\t\t\t\t\t\t<\/div>\n\t\t\t\t\t\t\t\t<\/li>\n\n\t\t\t<li\n\t\t\tclass=\"sow-features-feature sow-icon-container-position-top\"\n\t\t\tstyle=\"display: flex; flex-direction: column; width: calc(25% - 25px);\"\n\t\t>\n\t\t\t\n\t\t\t\t\t\t<div\t\t\t\tclass=\"sow-icon-container sow-container-round\"\n\t\t\t\tstyle=\"color: #556061; \"\n\t\t\t\t\n\t\t\t\t\t\t\t>\n\t\t\t\t<span class=\"sow-icon-elegantline\" data-sow-icon=\"&#xe051;\"\n\t\tstyle=\"font-size: 70px; color: #FFFFFF\" \n\t\taria-hidden=\"true\"><\/span>\t\t\t<\/div>\n\n\t\t\t<div class=\"textwidget\">\n\t\t\t\t\n\t\t\t\t\t\t\t\t\t<h5 class=\"sow-features-feature-title\">\n\t\t\t\t\t\tNos objectifs\t\t\t\t\t<\/h5>\n\t\t\t\t\n\t\t\t\t\t\t\t<\/div>\n\t\t\t\t\t\t\t\t<\/li>\n\n\t<\/ul>\n<\/div><\/div><\/div><\/div><\/div><\/div><span class=\"et_bloom_bottom_trigger\"><\/span>","protected":false},"excerpt":{"rendered":"<p>Il y a autant de mani\u00e8res de contribuer \u00e0 We-Search que de profils !\u00a0 Vous aimez le projet We-Search et souhaitez le voir continuer ?<\/p>\n","protected":false},"author":4,"featured_media":0,"parent":0,"menu_order":0,"comment_status":"closed","ping_status":"closed","template":"","meta":{"jetpack_post_was_ever_published":false,"footnotes":""},"class_list":["post-487319","page","type-page","status-publish","hentry"],"jetpack_sharing_enabled":true,"jetpack_shortlink":"https:\/\/wp.me\/P9cJNf-22LZ","jetpack_likes_enabled":true,"jetpack-related-posts":[],"_links":{"self":[{"href":"https:\/\/we-search.be\/index.php\/wp-json\/wp\/v2\/pages\/487319","targetHints":{"allow":["GET"]}}],"collection":[{"href":"https:\/\/we-search.be\/index.php\/wp-json\/wp\/v2\/pages"}],"about":[{"href":"https:\/\/we-search.be\/index.php\/wp-json\/wp\/v2\/types\/page"}],"author":[{"embeddable":true,"href":"https:\/\/we-search.be\/index.php\/wp-json\/wp\/v2\/users\/4"}],"replies":[{"embeddable":true,"href":"https:\/\/we-search.be\/index.php\/wp-json\/wp\/v2\/comments?post=487319"}],"version-history":[{"count":9,"href":"https:\/\/we-search.be\/index.php\/wp-json\/wp\/v2\/pages\/487319\/revisions"}],"predecessor-version":[{"id":1430037,"href":"https:\/\/we-search.be\/index.php\/wp-json\/wp\/v2\/pages\/487319\/revisions\/1430037"}],"wp:attachment":[{"href":"https:\/\/we-search.be\/index.php\/wp-json\/wp\/v2\/media?parent=487319"}],"curies":[{"name":"wp","href":"https:\/\/api.w.org\/{rel}","templated":true}]}}