{"id":83,"date":"2017-05-29T21:33:26","date_gmt":"2017-05-29T19:33:26","guid":{"rendered":"http:\/\/we-search.be\/?page_id=83"},"modified":"2022-02-07T13:49:00","modified_gmt":"2022-02-07T12:49:00","slug":"notre-vision","status":"publish","type":"page","link":"https:\/\/we-search.be\/index.php\/notre-vision\/","title":{"rendered":"Notre vision"},"content":{"rendered":"<div id=\"pl-83\"  class=\"panel-layout\" ><div id=\"pg-83-0\"  class=\"panel-grid panel-has-style\" ><div class=\"panel-row-style panel-row-style-for-83-0\" ><div id=\"pgc-83-0-0\"  class=\"panel-grid-cell\" ><div id=\"panel-83-0-0-0\" class=\"so-panel widget widget_sow-headline panel-first-child\" data-index=\"0\" ><div\n\t\t\t\n\t\t\tclass=\"so-widget-sow-headline so-widget-sow-headline-default-8983c6ac238e-83\"\n\t\t\t\n\t\t><div class=\"sow-headline-container \">\n\t<\/div>\n<\/div><\/div><div id=\"panel-83-0-0-1\" class=\"so-panel widget widget_sow-features panel-last-child\" data-index=\"1\" ><div\n\t\t\t\n\t\t\tclass=\"so-widget-sow-features so-widget-sow-features-default-4a4bfec5b9d1-83\"\n\t\t\t\n\t\t><ul\n\tclass=\"sow-features-list\n\tsow-features-responsive\">\n\n\t\t\t<li\n\t\t\tclass=\"sow-features-feature sow-icon-container-position-top\"\n\t\t\tstyle=\"display: flex; flex-direction: column; width: calc(33.333% - 25px);\"\n\t\t>\n\t\t\t\n\t\t\t\t\t\t<div\t\t\t\tclass=\"sow-icon-container sow-container-round\"\n\t\t\t\tstyle=\"color: #78aaaa; \"\n\t\t\t\t\n\t\t\t\t\t\t\t>\n\t\t\t\t<span class=\"sow-icon-elegantline\" data-sow-icon=\"&#xe037;\"\n\t\tstyle=\"font-size: 75px; color: #FFFFFF\" \n\t\taria-hidden=\"true\"><\/span>\t\t\t<\/div>\n\n\t\t\t<div class=\"textwidget\">\n\t\t\t\t\n\t\t\t\t\t\t\t\t\t<h5 class=\"sow-features-feature-title\">\n\t\t\t\t\t\tUne recherche scientifique \u00e9tudiante\t\t\t\t\t<\/h5>\n\t\t\t\t\n\t\t\t\t\t\t\t\t\t<div class=\"sow-features-feature-text\">\n\t\t\t\t\t<p>Nous voulons permettre aux \u00e9tudiants d\u2019accro\u00eetre leurs comp\u00e9tences en recherche, de voir leur travail reconnu, mais aussi de s\u2019int\u00e9resser \u00e0 des d\u00e9bats contemporains.<\/p>\n\t\t\t\t\t<\/div>\n\t\t\t\t\t\t\t\t<\/div>\n\t\t\t\t\t\t\t\t<\/li>\n\n\t\t\t<li\n\t\t\tclass=\"sow-features-feature sow-icon-container-position-top\"\n\t\t\tstyle=\"display: flex; flex-direction: column; width: calc(33.333% - 25px);\"\n\t\t>\n\t\t\t\n\t\t\t\t\t\t<div\t\t\t\tclass=\"sow-icon-container sow-container-round\"\n\t\t\t\tstyle=\"color: #78aaaa; \"\n\t\t\t\t\n\t\t\t\t\t\t\t>\n\t\t\t\t<span class=\"sow-icon-ionicons\" data-sow-icon=\"&#xf451;\"\n\t\tstyle=\"font-size: 75px; color: #FFFFFF\" \n\t\taria-hidden=\"true\"><\/span>\t\t\t<\/div>\n\n\t\t\t<div class=\"textwidget\">\n\t\t\t\t\n\t\t\t\t\t\t\t\t\t<h5 class=\"sow-features-feature-title\">\n\t\t\t\t\t\tUne recherche dynamique\t\t\t\t\t<\/h5>\n\t\t\t\t\n\t\t\t\t\t\t\t\t\t<div class=\"sow-features-feature-text\">\n\t\t\t\t\t<p>Nous croyons en une vision des sciences qui favorise l\u2019esprit critique, et qui laisse la place au d\u00e9bat soci\u00e9tal<\/p>\n<p>&nbsp;<\/p>\n\t\t\t\t\t<\/div>\n\t\t\t\t\t\t\t\t<\/div>\n\t\t\t\t\t\t\t\t<\/li>\n\n\t\t\t<li\n\t\t\tclass=\"sow-features-feature sow-icon-container-position-top\"\n\t\t\tstyle=\"display: flex; flex-direction: column; width: calc(33.333% - 25px);\"\n\t\t>\n\t\t\t\n\t\t\t\t\t\t<div\t\t\t\tclass=\"sow-icon-container sow-container-round\"\n\t\t\t\tstyle=\"color: #78aaaa; \"\n\t\t\t\t\n\t\t\t\t\t\t\t>\n\t\t\t\t<span class=\"sow-icon-elegantline\" data-sow-icon=\"&#xe045;\"\n\t\tstyle=\"font-size: 75px; color: #FFFFFF\" \n\t\taria-hidden=\"true\"><\/span>\t\t\t<\/div>\n\n\t\t\t<div class=\"textwidget\">\n\t\t\t\t\n\t\t\t\t\t\t\t\t\t<h5 class=\"sow-features-feature-title\">\n\t\t\t\t\t\tUne recherche accessible\t\t\t\t\t<\/h5>\n\t\t\t\t\n\t\t\t\t\t\t\t\t\t<div class=\"sow-features-feature-text\">\n\t\t\t\t\t<p>La recherche doit \u00eatre au service de la soci\u00e9t\u00e9, et \u00eatre l'outil du d\u00e9bat soci\u00e9tal. Nous visons donc \u00e0 participer \u00e0 la mise en relation du monde acad\u00e9mique et du monde citoyen.<\/p>\n\t\t\t\t\t<\/div>\n\t\t\t\t\t\t\t\t<\/div>\n\t\t\t\t\t\t\t\t<\/li>\n\n\t<\/ul>\n<\/div><\/div><\/div><\/div><\/div><div id=\"pg-83-1\"  class=\"panel-grid panel-has-style\" ><div class=\"siteorigin-panels-stretch panel-row-style panel-row-style-for-83-1\" data-stretch-type=\"full\" ><div id=\"pgc-83-1-0\"  class=\"panel-grid-cell\" ><div id=\"panel-83-1-0-0\" class=\"so-panel widget widget_sow-hero panel-first-child panel-last-child\" data-index=\"2\" ><div\n\t\t\t\n\t\t\tclass=\"so-widget-sow-hero so-widget-sow-hero-default-8ca954c5e57d-83\"\n\t\t\t\n\t\t>\t\t\t\t<div class=\"sow-slider-base\" style=\"display: none\" tabindex=\"0\">\n\t\t\t\t\t<ul\n\t\t\t\t\tclass=\"sow-slider-images\"\n\t\t\t\t\tdata-settings=\"{&quot;pagination&quot;:true,&quot;speed&quot;:800,&quot;timeout&quot;:8000,&quot;paused&quot;:false,&quot;pause_on_hover&quot;:false,&quot;swipe&quot;:false,&quot;nav_always_show_desktop&quot;:&quot;&quot;,&quot;nav_always_show_mobile&quot;:&quot;&quot;,&quot;breakpoint&quot;:&quot;780px&quot;,&quot;unmute&quot;:false,&quot;anchor&quot;:null}\"\n\t\t\t\t\t\t\t\t\t\tdata-anchor-id=\"\"\n\t\t\t\t>\t\t<li class=\"sow-slider-image\" style=\"visibility: visible;\" >\n\t\t\t\t\t<div class=\"sow-slider-image-container\">\n\t\t\t<div class=\"sow-slider-image-wrapper\">\n\t\t\t\t<h2 style=\"text-align: center\">\u00ab<em>Une recherche scientifique par et pour les \u00e9tudiants <\/em>\u00bb<\/h2>\t\t\t<\/div>\n\t\t<\/div>\n\t\t\t\t<\/li>\n\t\t<\/ul>\t\t\t\t<ol class=\"sow-slider-pagination\">\n\t\t\t\t\t\t\t\t\t\t\t<li><a href=\"#\" data-goto=\"0\" aria-label=\"Display slide 1\"><\/a><\/li>\n\t\t\t\t\t\t\t\t\t<\/ol>\n\n\t\t\t\t<div class=\"sow-slide-nav sow-slide-nav-next\">\n\t\t\t\t\t<a href=\"#\" data-goto=\"next\" aria-label=\"Next slide\" data-action=\"next\">\n\t\t\t\t\t\t<em class=\"sow-sld-icon-thin-right\"><\/em>\n\t\t\t\t\t<\/a>\n\t\t\t\t<\/div>\n\n\t\t\t\t<div class=\"sow-slide-nav sow-slide-nav-prev\">\n\t\t\t\t\t<a href=\"#\" data-goto=\"previous\" aria-label=\"Previous slide\" data-action=\"prev\">\n\t\t\t\t\t\t<em class=\"sow-sld-icon-thin-left\"><\/em>\n\t\t\t\t\t<\/a>\n\t\t\t\t<\/div>\n\t\t\t\t<\/div><\/div><\/div><\/div><\/div><\/div><div id=\"pg-83-2\"  class=\"panel-grid panel-no-style\" ><div id=\"pgc-83-2-0\"  class=\"panel-grid-cell\" ><div id=\"panel-83-2-0-0\" class=\"so-panel widget widget_sow-headline panel-first-child panel-last-child\" data-index=\"3\" ><div\n\t\t\t\n\t\t\tclass=\"so-widget-sow-headline so-widget-sow-headline-default-fa1a0f81d357-83\"\n\t\t\t\n\t\t><div class=\"sow-headline-container \">\n\t\t\t\t\t\t\t<h3 class=\"sow-headline\">\n\t\t\t\t\t\tL'HISTOIRE DU PROJET\t\t\t\t\t\t<\/h3>\n\t\t\t\t\t\t<\/div>\n<\/div><\/div><\/div><\/div><div id=\"pg-83-3\"  class=\"panel-grid panel-has-style\" ><div class=\"siteorigin-panels-stretch panel-row-style panel-row-style-for-83-3\" data-stretch-type=\"full\" ><div id=\"pgc-83-3-0\"  class=\"panel-grid-cell\" ><div id=\"panel-83-3-0-0\" class=\"so-panel widget widget_sow-editor panel-first-child panel-last-child\" data-index=\"4\" ><div\n\t\t\t\n\t\t\tclass=\"so-widget-sow-editor so-widget-sow-editor-base\"\n\t\t\t\n\t\t>\n<div class=\"siteorigin-widget-tinymce textwidget\">\n\t<p class=\"_04xlpA direction-ltr align-justify para-style-body\"><span class=\"JsGRdQ\">We-Search est n\u00e9e \u00e0 l'<strong>\u00e9t\u00e9 2016<\/strong>. D\u00e8s l'origine, <\/span><span class=\"JsGRdQ\">le projet s\u2019articulait sur une ann\u00e9e acad\u00e9mique<\/span><span class=\"JsGRdQ\">, au cours de laquelle <strong>des \u00e9tudiants-chercheurs travaillaient sur <\/strong><\/span><strong><span class=\"JsGRdQ\">une th\u00e9matique commune<\/span><\/strong><span class=\"JsGRdQ\">. Les articles issus de ces recherches \u00e9taient <strong>discut\u00e9s en mars lors d\u2019une \u00ab buff\u00e9rence \u00bb, \u00e9v\u00e8nement de mise en d\u00e9bat de la recherche,<\/strong> puis publi\u00e9s dans le courant de l\u2019\u00e9t\u00e9 dans une<\/span> <span class=\"JsGRdQ\">revue annuelle.<\/span><\/p>\n<p class=\"_04xlpA direction-ltr align-justify para-style-body\"><span class=\"JsGRdQ\">L'<strong>ann\u00e9e <\/strong><\/span><strong><span class=\"JsGRdQ\">2019<\/span><\/strong><span class=\"JsGRdQ\"> a \u00e9t\u00e9 une premi\u00e8re ann\u00e9e charni\u00e8re: afin de donner plus de temps aux projets de recherche, le choix a \u00e9t\u00e9 de proposer de les <\/span><span class=\"JsGRdQ\">\u00e9taler sur deux ann\u00e9es<\/span><span class=\"JsGRdQ\">.<strong> Le projet 2019-2021 (\"Mon m\u00e9decin est-il en bonne sant\u00e9?\")<\/strong> fut donc le premier \u00e0 suivre ce calendrier. We-Search proposait \u00e9galement pour la premi\u00e8re fois des <\/span><strong><span class=\"JsGRdQ\">\u00e9v\u00e8nements interm\u00e9diaires sur des th\u00e9matiques en lien <\/span><\/strong><span class=\"JsGRdQ\">faisant la part belle au d\u00e9bat. Cependant, en raison de la <\/span><strong><span class=\"JsGRdQ\">pand\u00e9mie de COVID-19<\/span><\/strong><span class=\"JsGRdQ\">, la mise en oeuvre du projet, pourtant \u00e9minemment actuel, a \u00e9t\u00e9 mise \u00e0 mal.<\/span><\/p>\n<p class=\"_04xlpA direction-ltr align-justify para-style-body\"><span class=\"JsGRdQ\">La pand\u00e9mie<\/span><span class=\"JsGRdQ\"> a donc pouss\u00e9 l'\u00e9quipe \u00e0 conduire une <strong>nouvelle r\u00e9flexion sur les objectifs de l'ASBL<\/strong>. Le succ\u00e8s des \u00e9v\u00e8nements interm\u00e9diaires, notamment organis\u00e9s en ligne, a en effet renforc\u00e9 la <strong>conviction des porteurs de projet de l'importance du d\u00e9bat soci\u00e9tal<\/strong>. <\/span><span class=\"JsGRdQ\">Renforcer davantage le r\u00f4le de l'association dans le d\u00e9bat<\/span><span class=\"JsGRdQ\"> et le rapprochement de la recherche de la r\u00e9alit\u00e9 sociale, et du citoyen, dans une optique de <\/span><span class=\"JsGRdQ\">m\u00e9diation scientifique<\/span><span class=\"JsGRdQ\"> est donc devenu essentiel.<\/span><\/p>\n<p class=\"_04xlpA direction-ltr align-justify para-style-body\"><span class=\"JsGRdQ\">En parall\u00e8le, fid\u00e8le \u00e0 son identit\u00e9 d'<\/span><span class=\"JsGRdQ\">incubateur de recherche \u00e9tudiante<\/span><span class=\"JsGRdQ\">, l'association a d\u00e9cid\u00e9 de <strong>poursuivre la publication d'une revue annuelle<\/strong>. Abandonnant l'id\u00e9e d'une th\u00e9matique commune, celle-ci <strong>se raccroche d\u00e9sormais \u00e0 l'exercice du m\u00e9moire ou du TFE<\/strong> - en partenariat avec les \u00e9coles secondaires. Ce faisant, We-Search vise non seulement \u00e0 <strong>appuyer les \u00e9tudiants dans cet exercice<\/strong> - en particulier \u00e0 la sortie d'une p\u00e9riode de crise qui a fortement touch\u00e9 le monde de l'enseignement - mais \u00e9galement, encore et toujours, \u00e0 <strong>valoriser des travaux de recherche de qualit\u00e9<\/strong>.<\/span><\/p>\n<p class=\"_04xlpA direction-ltr align-justify para-style-body\"><span class=\"JsGRdQ\">L'histoire de We-Search est celle d'un <\/span><span class=\"JsGRdQ\">renouvellement continu des m\u00e9thodes<\/span><span class=\"JsGRdQ\">, pour des objectifs, eux, constants. Aujourd'hui, l'association aspire \u00e0 la <\/span><span class=\"JsGRdQ\">stabilisation autour d'un projet en deux axes:<\/span><\/p>\n<\/div>\n<\/div><\/div><\/div><\/div><\/div><div id=\"pg-83-4\"  class=\"panel-grid panel-no-style\" ><div id=\"pgc-83-4-0\"  class=\"panel-grid-cell\" ><div id=\"panel-83-4-0-0\" class=\"so-panel widget widget_sow-headline panel-first-child\" data-index=\"5\" ><div\n\t\t\t\n\t\t\tclass=\"so-widget-sow-headline so-widget-sow-headline-default-861351445555-83 so-widget-fittext-wrapper\"\n\t\t\t data-fit-text-compressor=\"0.85\"\n\t\t><div class=\"sow-headline-container \">\n\t\t\t\t\t\t\t<h3 class=\"sow-headline\">\n\t\t\t\t\t\tAXE 1 : MEDIATION SCIENTIFIQUE\t\t\t\t\t\t<\/h3>\n\t\t\t\t\t\t\t\t\t\t\t<div class=\"decoration\">\n\t\t\t\t\t\t<div class=\"decoration-inside\"><\/div>\n\t\t\t\t\t<\/div>\n\t\t\t\t\t<\/div>\n<\/div><\/div><div id=\"panel-83-4-0-1\" class=\"so-panel widget widget_text panel-last-child\" data-index=\"6\" >\t\t\t<div class=\"textwidget\"><p class=\"_04xlpA direction-ltr align-justify para-style-body\"><span class=\"JsGRdQ\">L&rsquo;axe 1 vise principalement les <strong>citoyens<\/strong>; il vise \u00e0 offrir <strong>un espace de discussion<\/strong>, o\u00f9 se rencontreraient les citoyens et le monde scientifique. La <\/span><span class=\"JsGRdQ\">m\u00e9diation scientifique<\/span><span class=\"JsGRdQ\"> va en effet <strong>au-del\u00e0 de la vulgarisation<\/strong>, en ce qu&rsquo;elle vise \u00e0 r\u00e9ellement cr\u00e9er du lien entre ces deux mondes, dans une optique de r\u00e9ciprocit\u00e9.<\/span><\/p>\n<p class=\"_04xlpA direction-ltr align-justify para-style-body\"><span class=\"JsGRdQ\">Concr\u00e8tement, il s&rsquo;agit d&rsquo;organiser des \u00e9v\u00e8nements selon les principes suivants:<\/span><\/p>\n<ul>\n<li><span class=\"JsGRdQ\">Choisir des sujets qui existent au sein de la soci\u00e9t\u00e9<\/span><\/li>\n<li><span class=\"JsGRdQ\">Inviter les citoyens \u00e0 participer \u00e0 des moments d\u2019\u00e9change sur ces th\u00e9matiques (\u00e9viter le colloque \u00ab\u00a0classique\u00a0\u00bb)<\/span><\/li>\n<li><span class=\"JsGRdQ\">Inviter des chercheurs travaillant sur la th\u00e9matique<\/span><\/li>\n<li><span class=\"JsGRdQ\">Organisation de ces \u00e9v\u00e8nements dans des lieux atypiques, proches des citoyens, et en lien avec les th\u00e9matiques<\/span><\/li>\n<\/ul>\n<\/div>\n\t\t<\/div><\/div><div id=\"pgc-83-4-1\"  class=\"panel-grid-cell\" ><div id=\"panel-83-4-1-0\" class=\"so-panel widget widget_sow-headline panel-first-child\" data-index=\"7\" ><div\n\t\t\t\n\t\t\tclass=\"so-widget-sow-headline so-widget-sow-headline-default-861351445555-83 so-widget-fittext-wrapper\"\n\t\t\t data-fit-text-compressor=\"0.85\"\n\t\t><div class=\"sow-headline-container \">\n\t\t\t\t\t\t\t<h3 class=\"sow-headline\">\n\t\t\t\t\t\tAXE 2 : INCUBATEUR DE RECHERCHE ETUDIANTE\t\t\t\t\t\t<\/h3>\n\t\t\t\t\t\t\t\t\t\t\t<div class=\"decoration\">\n\t\t\t\t\t\t<div class=\"decoration-inside\"><\/div>\n\t\t\t\t\t<\/div>\n\t\t\t\t\t<\/div>\n<\/div><\/div><div id=\"panel-83-4-1-1\" class=\"so-panel widget widget_text panel-last-child\" data-index=\"8\" >\t\t\t<div class=\"textwidget\"><p class=\"_04xlpA direction-ltr align-justify para-style-body\"><span class=\"JsGRdQ\">L&rsquo;axe 2 vise \u00e0 publier \u00e0 \u00e9ch\u00e9ance r\u00e9guli\u00e8re des \u00e9crits d&rsquo;\u00e9tudiants afin de les valoriser. Ce<strong> r\u00f4le p\u00e9dagogique<\/strong> est dans l&rsquo;ADN de notre association. Il se base sur trois outils:<\/span><\/p>\n<ul>\n<li><strong><span class=\"JsGRdQ\">Revue annuelle<\/span><\/strong><span class=\"JsGRdQ\"> : publication sur base de candidatures, d\u2019articles de 15 pages environs r\u00e9sumant des m\u00e9moires ou des TFE d&rsquo;\u00e9tudiants; en ce compris en partenariat avec des \u00e9coles, hautes \u00e9coles, universit\u00e9s (publication digitale et papier)<\/span><\/li>\n<li><strong><span class=\"JsGRdQ\">We-Discuss<\/span><\/strong><span class=\"JsGRdQ\"> : publication de billets courts sur des th\u00e9matiques de l&rsquo;actualit\u00e9 sociale ou politique, sous forme d&rsquo;un blog sur le site web.<\/span><\/li>\n<li><strong><span class=\"JsGRdQ\">\u00ab\u00a0Buff\u00e9rences\u00a0\u00bb<\/span><\/strong><span class=\"JsGRdQ\">: les buff\u00e9rences visent \u00e0 offrir aux \u00e9tudiants participants \u00e0 la revue annuelle de recevoir un retour sur leur travail lors d&rsquo;un \u00e9v\u00e8nement convivial (comprenant un traditionnel \u00ab\u00a0buffet\u00a0\u00bb)<\/span><\/li>\n<\/ul>\n<\/div>\n\t\t<\/div><\/div><\/div><div id=\"pg-83-5\"  class=\"panel-grid panel-has-style\" ><div class=\"siteorigin-panels-stretch panel-row-style panel-row-style-for-83-5\" data-stretch-type=\"full\" ><div id=\"pgc-83-5-0\"  class=\"panel-grid-cell\" ><div id=\"panel-83-5-0-0\" class=\"so-panel widget widget_sow-headline panel-first-child\" data-index=\"9\" ><div\n\t\t\t\n\t\t\tclass=\"so-widget-sow-headline so-widget-sow-headline-default-d35e40fc6873-83\"\n\t\t\t\n\t\t><div class=\"sow-headline-container \">\n\t\t\t\t\t\t\t<h1 class=\"sow-headline\">\n\t\t\t\t\t\tD\u00e9couvrez \u00e9galement ...\t\t\t\t\t\t<\/h1>\n\t\t\t\t\t\t<\/div>\n<\/div><\/div><div id=\"panel-83-5-0-1\" class=\"so-panel widget widget_sow-features panel-last-child\" data-index=\"10\" ><div\n\t\t\t\n\t\t\tclass=\"so-widget-sow-features so-widget-sow-features-default-cdd7d8c4d401-83\"\n\t\t\t\n\t\t><ul\n\tclass=\"sow-features-list\n\tsow-features-responsive\">\n\n\t\t\t<li\n\t\t\tclass=\"sow-features-feature sow-icon-container-position-top\"\n\t\t\tstyle=\"display: flex; flex-direction: column; width: calc(33.333% - 25px);\"\n\t\t>\n\t\t\t\n\t\t\t\t\t\t<a\t\t\t\tclass=\"sow-icon-container sow-container-round\"\n\t\t\t\tstyle=\"color: #556061; \"\n\t\t\t\t\n\t\t\t\t\t\t\t\t\thref=\"http:\/\/we-search.be\/index.php\/nos-objectifs\/\"\n\t\t\t\t\ttarget=\"_blank\" rel=\"noopener noreferrer\"\t\t\t>\n\t\t\t\t<span class=\"sow-icon-elegantline\" data-sow-icon=\"&#xe051;\"\n\t\tstyle=\"font-size: 70px; color: #ffffff\" \n\t\taria-hidden=\"true\"><\/span>\t\t\t<\/a>\n\n\t\t\t<div class=\"textwidget\">\n\t\t\t\t\n\t\t\t\t\t\t\t\t\t<h5 class=\"sow-features-feature-title\">\n\t\t\t\t\t\tNos objectifs\t\t\t\t\t<\/h5>\n\t\t\t\t\n\t\t\t\t\t\t\t<\/div>\n\t\t\t\t\t\t\t\t<\/li>\n\n\t\t\t<li\n\t\t\tclass=\"sow-features-feature sow-icon-container-position-top\"\n\t\t\tstyle=\"display: flex; flex-direction: column; width: calc(33.333% - 25px);\"\n\t\t>\n\t\t\t\n\t\t\t\t\t\t<a\t\t\t\tclass=\"sow-icon-container sow-container-round\"\n\t\t\t\tstyle=\"color: #556061; \"\n\t\t\t\t\n\t\t\t\t\t\t\t\t\thref=\"http:\/\/we-search.be\/index.php\/notre-equipe\/\"\n\t\t\t\t\ttarget=\"_blank\" rel=\"noopener noreferrer\"\t\t\t>\n\t\t\t\t<span class=\"sow-icon-ionicons\" data-sow-icon=\"&#xf47b;\"\n\t\tstyle=\"font-size: 70px; color: #ffffff\" \n\t\taria-hidden=\"true\"><\/span>\t\t\t<\/a>\n\n\t\t\t<div class=\"textwidget\">\n\t\t\t\t\n\t\t\t\t\t\t\t\t\t<h5 class=\"sow-features-feature-title\">\n\t\t\t\t\t\tNotre \u00e9quipe\t\t\t\t\t<\/h5>\n\t\t\t\t\n\t\t\t\t\t\t\t<\/div>\n\t\t\t\t\t\t\t\t<\/li>\n\n\t\t\t<li\n\t\t\tclass=\"sow-features-feature sow-icon-container-position-top\"\n\t\t\tstyle=\"display: flex; flex-direction: column; width: calc(33.333% - 25px);\"\n\t\t>\n\t\t\t\n\t\t\t\t\t\t<a\t\t\t\tclass=\"sow-icon-container sow-container-round\"\n\t\t\t\tstyle=\"color: #556061; \"\n\t\t\t\t\n\t\t\t\t\t\t\t\t\thref=\"http:\/\/we-search.be\/index.php\/nos-projets\/\"\n\t\t\t\t\ttarget=\"_blank\" rel=\"noopener noreferrer\"\t\t\t>\n\t\t\t\t<span class=\"sow-icon-elegantline\" data-sow-icon=\"&#xe03c;\"\n\t\tstyle=\"font-size: 70px; color: #ffffff\" \n\t\taria-hidden=\"true\"><\/span>\t\t\t<\/a>\n\n\t\t\t<div class=\"textwidget\">\n\t\t\t\t\n\t\t\t\t\t\t\t\t\t<h5 class=\"sow-features-feature-title\">\n\t\t\t\t\t\tNos projets\t\t\t\t\t<\/h5>\n\t\t\t\t\n\t\t\t\t\t\t\t<\/div>\n\t\t\t\t\t\t\t\t<\/li>\n\n\t<\/ul>\n<\/div><\/div><\/div><\/div><\/div><\/div><span class=\"et_bloom_bottom_trigger\"><\/span>","protected":false},"excerpt":{"rendered":"<p>Une recherche scientifique \u00e9tudiante Nous voulons permettre aux \u00e9tudiants d\u2019accro\u00eetre leurs comp\u00e9tences en recherche, de voir leur travail reconnu, mais aussi de s\u2019int\u00e9resser \u00e0 des d\u00e9bats contemporains. Une recherche dynamique<a class=\"moretag\" href=\"https:\/\/we-search.be\/index.php\/notre-vision\/\"><span class=\"screen-reader-text\">En savoir plus surNotre vision<\/span>[&#8230;]<\/a><\/p>\n","protected":false},"author":4,"featured_media":0,"parent":0,"menu_order":2,"comment_status":"closed","ping_status":"closed","template":"","meta":{"jetpack_post_was_ever_published":false,"footnotes":""},"class_list":["post-83","page","type-page","status-publish","hentry"],"jetpack_sharing_enabled":true,"jetpack_shortlink":"https:\/\/wp.me\/P9cJNf-1l","jetpack_likes_enabled":true,"jetpack-related-posts":[],"_links":{"self":[{"href":"https:\/\/we-search.be\/index.php\/wp-json\/wp\/v2\/pages\/83","targetHints":{"allow":["GET"]}}],"collection":[{"href":"https:\/\/we-search.be\/index.php\/wp-json\/wp\/v2\/pages"}],"about":[{"href":"https:\/\/we-search.be\/index.php\/wp-json\/wp\/v2\/types\/page"}],"author":[{"embeddable":true,"href":"https:\/\/we-search.be\/index.php\/wp-json\/wp\/v2\/users\/4"}],"replies":[{"embeddable":true,"href":"https:\/\/we-search.be\/index.php\/wp-json\/wp\/v2\/comments?post=83"}],"version-history":[{"count":22,"href":"https:\/\/we-search.be\/index.php\/wp-json\/wp\/v2\/pages\/83\/revisions"}],"predecessor-version":[{"id":1099979,"href":"https:\/\/we-search.be\/index.php\/wp-json\/wp\/v2\/pages\/83\/revisions\/1099979"}],"wp:attachment":[{"href":"https:\/\/we-search.be\/index.php\/wp-json\/wp\/v2\/media?parent=83"}],"curies":[{"name":"wp","href":"https:\/\/api.w.org\/{rel}","templated":true}]}}