{"id":85,"date":"2017-05-29T21:33:26","date_gmt":"2017-05-29T19:33:26","guid":{"rendered":"http:\/\/we-search.be\/?page_id=85"},"modified":"2022-01-14T14:05:39","modified_gmt":"2022-01-14T13:05:39","slug":"notre-equipe","status":"publish","type":"page","link":"https:\/\/we-search.be\/index.php\/notre-equipe\/","title":{"rendered":"Notre \u00e9quipe"},"content":{"rendered":"<div id=\"pl-85\"  class=\"panel-layout\" ><div id=\"pg-85-0\"  class=\"panel-grid panel-has-style\" ><div class=\"siteorigin-panels-stretch panel-row-style panel-row-style-for-85-0\" data-stretch-type=\"full\" ><div id=\"pgc-85-0-0\"  class=\"panel-grid-cell\" ><div id=\"panel-85-0-0-0\" class=\"so-panel widget widget_sow-hero panel-first-child panel-last-child\" data-index=\"0\" ><div\n\t\t\t\n\t\t\tclass=\"so-widget-sow-hero so-widget-sow-hero-default-07892bd64672-85 so-widget-fittext-wrapper\"\n\t\t\t\n\t\t>\t\t\t\t<div class=\"sow-slider-base\" style=\"display: none\" tabindex=\"0\">\n\t\t\t\t\t<ul\n\t\t\t\t\tclass=\"sow-slider-images\"\n\t\t\t\t\tdata-settings=\"{&quot;pagination&quot;:true,&quot;speed&quot;:800,&quot;timeout&quot;:8000,&quot;paused&quot;:false,&quot;pause_on_hover&quot;:false,&quot;swipe&quot;:true,&quot;nav_always_show_desktop&quot;:&quot;&quot;,&quot;nav_always_show_mobile&quot;:&quot;&quot;,&quot;breakpoint&quot;:&quot;780px&quot;,&quot;unmute&quot;:false,&quot;anchor&quot;:null}\"\n\t\t\t\t\t\t\t\t\t\tdata-anchor-id=\"\"\n\t\t\t\t>\t\t<li class=\"sow-slider-image\" style=\"visibility: visible;\" >\n\t\t\t\t\t<div class=\"sow-slider-image-container\">\n\t\t\t<div class=\"sow-slider-image-wrapper\">\n\t\t\t\t<h3>We-Search est une \u00e9quipe cr\u00e9ative de jeunes chercheurs et de dipl\u00f4m\u00e9s motiv\u00e9s par l'envie de transmettre leur passion pour la recherche et de valoriser les travaux \u00e9tudiants.<\/h3>\t\t\t<\/div>\n\t\t<\/div>\n\t\t\t\t<\/li>\n\t\t<\/ul>\t\t\t\t<ol class=\"sow-slider-pagination\">\n\t\t\t\t\t\t\t\t\t\t\t<li><a href=\"#\" data-goto=\"0\" aria-label=\"Display slide 1\"><\/a><\/li>\n\t\t\t\t\t\t\t\t\t<\/ol>\n\n\t\t\t\t<div class=\"sow-slide-nav sow-slide-nav-next\">\n\t\t\t\t\t<a href=\"#\" data-goto=\"next\" aria-label=\"Next slide\" data-action=\"next\">\n\t\t\t\t\t\t<em class=\"sow-sld-icon-thin-right\"><\/em>\n\t\t\t\t\t<\/a>\n\t\t\t\t<\/div>\n\n\t\t\t\t<div class=\"sow-slide-nav sow-slide-nav-prev\">\n\t\t\t\t\t<a href=\"#\" data-goto=\"previous\" aria-label=\"Previous slide\" data-action=\"prev\">\n\t\t\t\t\t\t<em class=\"sow-sld-icon-thin-left\"><\/em>\n\t\t\t\t\t<\/a>\n\t\t\t\t<\/div>\n\t\t\t\t<\/div><\/div><\/div><\/div><\/div><\/div><div id=\"pg-85-1\"  class=\"panel-grid panel-no-style\" ><div id=\"pgc-85-1-0\"  class=\"panel-grid-cell\" ><div id=\"panel-85-1-0-0\" class=\"so-panel widget widget_sow-editor panel-first-child panel-last-child\" data-index=\"1\" ><div\n\t\t\t\n\t\t\tclass=\"so-widget-sow-editor so-widget-sow-editor-base\"\n\t\t\t\n\t\t><h3 class=\"widget-title\">Organisateurs du projet<\/h3>\n<div class=\"siteorigin-widget-tinymce textwidget\">\n\t<p><span style=\"color: #be5000\"><strong><em>Pauline Claessens - <\/em><\/strong>Co-fondatrice, Pr\u00e9sidente et Secr\u00e9taire<\/span><\/p>\n<div align=\"justify\">\n<p><a href=\"https:\/\/i0.wp.com\/we-search.be\/wp-content\/uploads\/2020\/01\/photo.jpg\"><img data-attachment-id=\"587020\" data-permalink=\"https:\/\/we-search.be\/index.php\/notre-equipe\/photo-2\/\" data-orig-file=\"https:\/\/i0.wp.com\/we-search.be\/wp-content\/uploads\/2020\/01\/photo.jpg?fit=612%2C816&amp;ssl=1\" data-orig-size=\"612,816\" data-comments-opened=\"1\" data-image-meta=\"{&quot;aperture&quot;:&quot;0&quot;,&quot;credit&quot;:&quot;&quot;,&quot;camera&quot;:&quot;&quot;,&quot;caption&quot;:&quot;&quot;,&quot;created_timestamp&quot;:&quot;0&quot;,&quot;copyright&quot;:&quot;&quot;,&quot;focal_length&quot;:&quot;0&quot;,&quot;iso&quot;:&quot;0&quot;,&quot;shutter_speed&quot;:&quot;0&quot;,&quot;title&quot;:&quot;&quot;,&quot;orientation&quot;:&quot;0&quot;}\" data-image-title=\"photo\" data-image-description=\"\" data-image-caption=\"\" data-large-file=\"https:\/\/i0.wp.com\/we-search.be\/wp-content\/uploads\/2020\/01\/photo.jpg?fit=612%2C816&amp;ssl=1\" data-recalc-dims=\"1\" loading=\"lazy\" decoding=\"async\" class=\"wp-image-587020 alignleft\" src=\"https:\/\/i0.wp.com\/we-search.be\/wp-content\/uploads\/2020\/01\/photo.jpg?resize=152%2C203\" alt=\"\" width=\"152\" height=\"203\" srcset=\"https:\/\/i0.wp.com\/we-search.be\/wp-content\/uploads\/2020\/01\/photo.jpg?w=612&amp;ssl=1 612w, https:\/\/i0.wp.com\/we-search.be\/wp-content\/uploads\/2020\/01\/photo.jpg?resize=225%2C300&amp;ssl=1 225w, https:\/\/i0.wp.com\/we-search.be\/wp-content\/uploads\/2020\/01\/photo.jpg?resize=250%2C333&amp;ssl=1 250w\" sizes=\"auto, (max-width: 152px) 100vw, 152px\" \/><\/a><\/p>\n<p>Pauline poss\u00e8de un double master en <strong>\u00e9tudes europ\u00e9ennes (2016) et en administration publique (2017)<\/strong> de l'Universit\u00e9 libre de Bruxelles (ULB), pour lesquels elle a obtenu une grande distinction. Elle a d\u00e9but\u00e9 <strong>en f\u00e9vrier 2021 son doctorat en sciences politiques aupr\u00e8s du CEVIPOL (ULB)<\/strong> en tant que boursi\u00e8re. <span class=\"JsGRdQ\">Sa th\u00e8se de doctorat porte sur les r\u00e9pertoires d'action des partis politiques, avec un focus sur les partis populistes et leur action en ligne.<\/span> Multi-entrepreneuse, elle travaille \u00e9galement de fa\u00e7on compl\u00e9mentaire comme architecte d'int\u00e9rieur.<\/p>\n<\/div>\n<p>&nbsp;<\/p>\n<p>&nbsp;<\/p>\n<div align=\"justify\">\n<p>&nbsp;<\/p>\n<\/div>\n<p><span style=\"color: #be5000\"><em><strong>Guillaume Grignard <\/strong><\/em>- Co-fondateur, Vice-Pr\u00e9sident et Tr\u00e9sorier<\/span><\/p>\n<p><img data-attachment-id=\"303\" data-permalink=\"https:\/\/we-search.be\/index.php\/notre-equipe\/guillaume\/\" data-orig-file=\"https:\/\/i0.wp.com\/we-search.be\/wp-content\/uploads\/2017\/08\/guillaume-e1502784049552.jpg?fit=166%2C181&amp;ssl=1\" data-orig-size=\"166,181\" data-comments-opened=\"1\" data-image-meta=\"{&quot;aperture&quot;:&quot;0&quot;,&quot;credit&quot;:&quot;&quot;,&quot;camera&quot;:&quot;&quot;,&quot;caption&quot;:&quot;&quot;,&quot;created_timestamp&quot;:&quot;0&quot;,&quot;copyright&quot;:&quot;&quot;,&quot;focal_length&quot;:&quot;0&quot;,&quot;iso&quot;:&quot;0&quot;,&quot;shutter_speed&quot;:&quot;0&quot;,&quot;title&quot;:&quot;&quot;,&quot;orientation&quot;:&quot;0&quot;}\" data-image-title=\"guillaume\" data-image-description=\"\" data-image-caption=\"\" data-large-file=\"https:\/\/i0.wp.com\/we-search.be\/wp-content\/uploads\/2017\/08\/guillaume-e1502784049552.jpg?fit=166%2C181&amp;ssl=1\" data-recalc-dims=\"1\" loading=\"lazy\" decoding=\"async\" class=\"wp-image-303 alignleft\" src=\"https:\/\/i0.wp.com\/we-search.be\/wp-content\/uploads\/2017\/08\/guillaume-e1502784049552.jpg?resize=152%2C166\" alt=\"\" width=\"152\" height=\"166\" \/><\/p>\n<div align=\"justify\">Guillaume <span class=\"JsGRdQ\">a obtenu le titre de<strong> docteur en sciences politiques<\/strong> aupr\u00e8s de l'ULB en 2020. Sa th\u00e8se se consacre \u00e0 l'\u00e9tude de la satire politique en France. Au cours de ses recherches, il se sp\u00e9cialise dans les relations entre les m\u00e9dias et le monde politique en Belgique et en France. Depuis 2020, il poursuit ses activit\u00e9s p\u00e9dagogiques en tant que professeur au Centre d'Enseignement Notre-Dame des Champs (Uccle) et comme charg\u00e9 d'enseignement \u00e0 l'Universit\u00e9 Catholique de Lille (Espol).<\/span><\/div>\n<div align=\"justify\"><\/div>\n<p>&nbsp;<\/p>\n<div class=\"_d97\"><\/div>\n<div><\/div>\n<div class=\"_d97\">\n<div align=\"justify\"><\/div>\n<\/div>\n<p>&nbsp;<\/p>\n<div><\/div>\n<div class=\"_d97\"><\/div>\n<p>&nbsp;<\/p>\n<p>&nbsp;<\/p>\n<div align=\"justify\"><\/div>\n<div align=\"justify\"><\/div>\n<div class=\"_d97\"><\/div>\n<div><\/div>\n<div><\/div>\n<div><\/div>\n<div>\n<hr \/>\n<\/div>\n<\/div>\n<\/div><\/div><\/div><\/div><div id=\"pg-85-2\"  class=\"panel-grid panel-has-style\" ><div class=\"siteorigin-panels-stretch panel-row-style panel-row-style-for-85-2\" data-stretch-type=\"full\" ><div id=\"pgc-85-2-0\"  class=\"panel-grid-cell\" ><div id=\"panel-85-2-0-0\" class=\"so-panel widget widget_sow-headline panel-first-child\" data-index=\"2\" ><div\n\t\t\t\n\t\t\tclass=\"so-widget-sow-headline so-widget-sow-headline-default-551fc3e0ddf4-85\"\n\t\t\t\n\t\t><div class=\"sow-headline-container \">\n\t\t\t\t\t\t\t<h1 class=\"sow-headline\">\n\t\t\t\t\t\tD\u00e9couvrez \u00e9galement ...\t\t\t\t\t\t<\/h1>\n\t\t\t\t\t\t\t\t\t\t\t<div class=\"decoration\">\n\t\t\t\t\t\t<div class=\"decoration-inside\"><\/div>\n\t\t\t\t\t<\/div>\n\t\t\t\t\t<\/div>\n<\/div><\/div><div id=\"panel-85-2-0-1\" class=\"so-panel widget widget_sow-features panel-last-child\" data-index=\"3\" ><div\n\t\t\t\n\t\t\tclass=\"so-widget-sow-features so-widget-sow-features-default-4dfebea22e5e-85\"\n\t\t\t\n\t\t><ul\n\tclass=\"sow-features-list\n\tsow-features-responsive\">\n\n\t\t\t<li\n\t\t\tclass=\"sow-features-feature sow-icon-container-position-top\"\n\t\t\tstyle=\"display: flex; flex-direction: column; width: calc(33.333% - 25px);\"\n\t\t>\n\t\t\t\n\t\t\t\t\t\t<a\t\t\t\tclass=\"sow-icon-container sow-container-round\"\n\t\t\t\tstyle=\"color: #556061; \"\n\t\t\t\t\n\t\t\t\t\t\t\t\t\thref=\"http:\/\/we-search.be\/index.php\/nos-objectifs\/\"\n\t\t\t\t\ttarget=\"_blank\" rel=\"noopener noreferrer\"\t\t\t>\n\t\t\t\t<span class=\"sow-icon-elegantline\" data-sow-icon=\"&#xe02a;\"\n\t\tstyle=\"font-size: 70px; color: #FFFFFF\" \n\t\taria-hidden=\"true\"><\/span>\t\t\t<\/a>\n\n\t\t\t<div class=\"textwidget\">\n\t\t\t\t\n\t\t\t\t\t\t\t\t\t<h5 class=\"sow-features-feature-title\">\n\t\t\t\t\t\tNotre vision\t\t\t\t\t<\/h5>\n\t\t\t\t\n\t\t\t\t\t\t\t<\/div>\n\t\t\t\t\t\t\t\t<\/li>\n\n\t\t\t<li\n\t\t\tclass=\"sow-features-feature sow-icon-container-position-top\"\n\t\t\tstyle=\"display: flex; flex-direction: column; width: calc(33.333% - 25px);\"\n\t\t>\n\t\t\t\n\t\t\t\t\t\t<a\t\t\t\tclass=\"sow-icon-container sow-container-round\"\n\t\t\t\tstyle=\"color: #556061; \"\n\t\t\t\t\n\t\t\t\t\t\t\t\t\thref=\"http:\/\/we-search.be\/index.php\/nos-objectifs\/\"\n\t\t\t\t\ttarget=\"_blank\" rel=\"noopener noreferrer\"\t\t\t>\n\t\t\t\t<span class=\"sow-icon-elegantline\" data-sow-icon=\"&#xe051;\"\n\t\tstyle=\"font-size: 70px; color: #FFFFFF\" \n\t\taria-hidden=\"true\"><\/span>\t\t\t<\/a>\n\n\t\t\t<div class=\"textwidget\">\n\t\t\t\t\n\t\t\t\t\t\t\t\t\t<h5 class=\"sow-features-feature-title\">\n\t\t\t\t\t\tNos objectifs\t\t\t\t\t<\/h5>\n\t\t\t\t\n\t\t\t\t\t\t\t<\/div>\n\t\t\t\t\t\t\t\t<\/li>\n\n\t\t\t<li\n\t\t\tclass=\"sow-features-feature sow-icon-container-position-top\"\n\t\t\tstyle=\"display: flex; flex-direction: column; width: calc(33.333% - 25px);\"\n\t\t>\n\t\t\t\n\t\t\t\t\t\t<a\t\t\t\tclass=\"sow-icon-container sow-container-round\"\n\t\t\t\tstyle=\"color: #556061; \"\n\t\t\t\t\n\t\t\t\t\t\t\t\t\thref=\"http:\/\/we-search.be\/index.php\/nos-projets\/\"\n\t\t\t\t\ttarget=\"_blank\" rel=\"noopener noreferrer\"\t\t\t>\n\t\t\t\t<span class=\"sow-icon-elegantline\" data-sow-icon=\"&#xe03c;\"\n\t\tstyle=\"font-size: 70px; color: #FFFFFF\" \n\t\taria-hidden=\"true\"><\/span>\t\t\t<\/a>\n\n\t\t\t<div class=\"textwidget\">\n\t\t\t\t\n\t\t\t\t\t\t\t\t\t<h5 class=\"sow-features-feature-title\">\n\t\t\t\t\t\tNos projets\t\t\t\t\t<\/h5>\n\t\t\t\t\n\t\t\t\t\t\t\t<\/div>\n\t\t\t\t\t\t\t\t<\/li>\n\n\t<\/ul>\n<\/div><\/div><\/div><\/div><\/div><div id=\"pg-85-3\"  class=\"panel-grid panel-has-style\" ><div class=\"panel-row-style panel-row-style-for-85-3\" ><div id=\"pgc-85-3-0\"  class=\"panel-grid-cell panel-grid-cell-empty\" ><\/div><\/div><\/div><\/div><span class=\"et_bloom_bottom_trigger\"><\/span>","protected":false},"excerpt":{"rendered":"<p>Pauline Claessens &#8211; Co-fondatrice, Pr\u00e9sidente et Secr\u00e9taire Pauline poss\u00e8de un double master en \u00e9tudes europ\u00e9ennes (2016) et en administration publique (2017) de l&rsquo;Universit\u00e9 libre de Bruxelles (ULB), pour lesquels elle<a class=\"moretag\" href=\"https:\/\/we-search.be\/index.php\/notre-equipe\/\"><span class=\"screen-reader-text\">En savoir plus surNotre \u00e9quipe<\/span>[&#8230;]<\/a><\/p>\n","protected":false},"author":4,"featured_media":0,"parent":0,"menu_order":4,"comment_status":"closed","ping_status":"closed","template":"","meta":{"jetpack_post_was_ever_published":false,"footnotes":""},"class_list":["post-85","page","type-page","status-publish","hentry"],"jetpack_sharing_enabled":true,"jetpack_shortlink":"https:\/\/wp.me\/P9cJNf-1n","jetpack_likes_enabled":true,"jetpack-related-posts":[],"_links":{"self":[{"href":"https:\/\/we-search.be\/index.php\/wp-json\/wp\/v2\/pages\/85","targetHints":{"allow":["GET"]}}],"collection":[{"href":"https:\/\/we-search.be\/index.php\/wp-json\/wp\/v2\/pages"}],"about":[{"href":"https:\/\/we-search.be\/index.php\/wp-json\/wp\/v2\/types\/page"}],"author":[{"embeddable":true,"href":"https:\/\/we-search.be\/index.php\/wp-json\/wp\/v2\/users\/4"}],"replies":[{"embeddable":true,"href":"https:\/\/we-search.be\/index.php\/wp-json\/wp\/v2\/comments?post=85"}],"version-history":[{"count":42,"href":"https:\/\/we-search.be\/index.php\/wp-json\/wp\/v2\/pages\/85\/revisions"}],"predecessor-version":[{"id":1086275,"href":"https:\/\/we-search.be\/index.php\/wp-json\/wp\/v2\/pages\/85\/revisions\/1086275"}],"wp:attachment":[{"href":"https:\/\/we-search.be\/index.php\/wp-json\/wp\/v2\/media?parent=85"}],"curies":[{"name":"wp","href":"https:\/\/api.w.org\/{rel}","templated":true}]}}